{"id":105,"date":"2022-01-07T09:44:23","date_gmt":"2022-01-07T09:44:23","guid":{"rendered":"https:\/\/cngcmotru.ro\/?page_id=105"},"modified":"2024-05-29T07:27:12","modified_gmt":"2024-05-29T07:27:12","slug":"admitere-liceu","status":"publish","type":"page","link":"https:\/\/cngcmotru.ro\/index.php\/examene\/admitere-liceu\/","title":{"rendered":"Admitere liceu"},"content":{"rendered":"<p class=\"rtejustify\"><strong>Admiterea absolven\u021bilor clasei a VIII-a \u00een \u00eenv\u0103\u021b\u0103m\u00e2ntul liceal de stat\u00a0<\/strong>pentru\u00a0anul \u015fcolar\u00a02024 &#8211; 2025 se va desf\u0103\u0219ura\u00a0potrivit prevederilor\u00a0<a href=\"https:\/\/legislatie.just.ro\/Public\/DetaliiDocument\/274260\" target=\"_blank\" rel=\"noopener\"><strong><em>ordinului nr. 6.154\/31.08.2023<\/em>\u00a0<\/strong>\u0219i a\u00a0<strong><em>anexelor<\/em>\u00a0<\/strong>aferente<\/a>.<\/p>\n<p class=\"rtejustify\">Metodologia de organizare \u015fi desf\u0103\u015furare \u015fi structura probelor de aptitudini pentru admiterea \u00een liceele voca\u021bionale este disponibil\u0103 \u00een documentul de mai sus.<\/p>\n<p class=\"rtejustify\">\u25ba<strong>\u00a0NOU:\u00a0<a href=\"https:\/\/www.edu.ro\/sites\/default\/files\/_fi%C8%99iere\/Legislatie\/2024\/OM_3939_2024.pdf\" target=\"_blank\" rel=\"noopener\">Ordin nr. 3.939\/29.02.2024<\/a><\/strong>\u00a0pentru aprobarea Metodologiei de \u00eenscriere \u00een clasa a IX-a,\u00a0 \u00een anul \u0219colar 2024 &#8211; 2025, a elevilor care au ob\u021binut, pe parcursul gimnaziului, premiul I la etapa na\u021bional\u0103 a olimpiadelor \u0219colare organizate \u0219i finan\u021bate de Ministerul Educa\u021biei sau au ob\u021binut premiile I, II sau III la competi\u021bii interna\u021bionale recunoscute de Ministerul Educa\u021biei<\/p>\n<blockquote>\n<p class=\"rtejustify\"><strong>Admiterea absolven\u021bilor clasei a VIII-a \u00een \u00eenv\u0103\u021b\u0103m\u00e2ntul liceal de stat <\/strong>pentru\u00a0anul \u015fcolar 2023\u00a0&#8211; 2024\u00a0se va desf\u0103\u0219ura\u00a0potrivit prevederilor\u00a0<a href=\"https:\/\/www.edu.ro\/sites\/default\/files\/_fi%C8%99iere\/Legislatie\/2022\/OM_5243_2022_admitere_liceu%202023_2024_anexe%201_2_4_5.pdf\"><strong><em>ordinului nr. 5.243\/31.08.2022<\/em>\u00a0<\/strong>\u0219i a <strong><em>anexelor<\/em>\u00a0<\/strong>aferente<\/a>.<\/p>\n<p class=\"rtejustify\">Metodologia de organizare \u015fi desf\u0103\u015furare \u015fi structura probelor de aptitudini pentru admiterea \u00een liceele voca\u021bionale este disponibil\u0103\u00a0\u25ba <a href=\"https:\/\/www.edu.ro\/sites\/default\/files\/_fi%C8%99iere\/Legislatie\/2022\/Anexa_3_Metodologie_probe_aptitudini_2023.pdf\" target=\"_blank\" rel=\"noopener\"><strong>aici<\/strong><\/a>.<\/p>\n<\/blockquote>\n<p class=\"rtejustify\"><strong>ORDIN nr. <a href=\"https:\/\/www.edu.ro\/sites\/default\/files\/_fi%C8%99iere\/Legislatie\/2022\/OM_3_961_2022.pdf\" target=\"_blank\" rel=\"noopener\">3.961\/06.06.2022<\/a>\u00a0<\/strong>pentru aprobarea procedurii de \u00eenscriere \u00een clasa a IX-a a elevilor care au ob\u021binut, pe parcursul gimnaziului, premiul I la etapa na\u021bional\u0103 a olimpiadelor \u0219colare organizate \u0219i finan\u021bate de Ministerul Educa\u021biei sau au ob\u021binut premiile I, II sau III la competi\u021bii interna\u021bionale recunoscute de Ministerul Educa\u021biei, precum \u0219i a listei privind coresponden\u021ba specificului olimpiadei na\u021bionale\/competi\u021biei interna\u021bionale cu filiera\/profilul\/specializarea la care se face \u00eenscrierea acestor elevi \u0219i a procedurii de \u00eenscriere \u00een clasa a IX-a, \u00een anul \u0219colar 2022 &#8211; 2023, a cet\u0103\u021benilor ucraineni cu statut de elevi<\/p>\n<p><strong>Calendar admitere liceu 2023 &#8211;<a href=\"https:\/\/cngcmotru.ro\/wp-content\/uploads\/2023\/01\/Anexa_1_Calendar-1.pdf\">Anexa_1_Calendar<\/a><\/strong><\/p>\n<p><strong>Calculul mediei de admitere liceu 2023-2024 <a href=\"https:\/\/cngcmotru.ro\/wp-content\/uploads\/2023\/01\/Anexa_2_calcul_medie_admitere-1.pdf\">Anexa_2_calcul_medie_admitere-1<\/a><\/strong><\/p>\n<p>&nbsp;<\/p>\n","protected":false},"excerpt":{"rendered":"<p>Admiterea absolven\u021bilor clasei a VIII-a \u00een \u00eenv\u0103\u021b\u0103m\u00e2ntul liceal de stat\u00a0pentru\u00a0anul \u015fcolar\u00a02024 &#8211; 2025 se va desf\u0103\u0219ura\u00a0potrivit prevederilor\u00a0ordinului nr. 6.154\/31.08.2023\u00a0\u0219i a\u00a0anexelor\u00a0aferente. Metodologia de organizare \u015fi desf\u0103\u015furare \u015fi structura probelor de aptitudini pentru admiterea \u00een liceele voca\u021bionale este disponibil\u0103 \u00een documentul de mai sus. \u25ba\u00a0NOU:\u00a0Ordin nr. 3.939\/29.02.2024\u00a0pentru aprobarea Metodologiei de \u00eenscriere \u00een clasa a IX-a,\u00a0 \u00een anul&hellip; <a class=\"continue\" href=\"https:\/\/cngcmotru.ro\/index.php\/examene\/admitere-liceu\/\">Continua<span> Admitere liceu<\/span><\/a><\/p>\n","protected":false},"author":1,"featured_media":0,"parent":103,"menu_order":0,"comment_status":"closed","ping_status":"closed","template":"","meta":{"footnotes":""},"class_list":["post-105","page","type-page","status-publish","hentry"],"_links":{"self":[{"href":"https:\/\/cngcmotru.ro\/index.php\/wp-json\/wp\/v2\/pages\/105","targetHints":{"allow":["GET"]}}],"collection":[{"href":"https:\/\/cngcmotru.ro\/index.php\/wp-json\/wp\/v2\/pages"}],"about":[{"href":"https:\/\/cngcmotru.ro\/index.php\/wp-json\/wp\/v2\/types\/page"}],"author":[{"embeddable":true,"href":"https:\/\/cngcmotru.ro\/index.php\/wp-json\/wp\/v2\/users\/1"}],"replies":[{"embeddable":true,"href":"https:\/\/cngcmotru.ro\/index.php\/wp-json\/wp\/v2\/comments?post=105"}],"version-history":[{"count":10,"href":"https:\/\/cngcmotru.ro\/index.php\/wp-json\/wp\/v2\/pages\/105\/revisions"}],"predecessor-version":[{"id":385,"href":"https:\/\/cngcmotru.ro\/index.php\/wp-json\/wp\/v2\/pages\/105\/revisions\/385"}],"up":[{"embeddable":true,"href":"https:\/\/cngcmotru.ro\/index.php\/wp-json\/wp\/v2\/pages\/103"}],"wp:attachment":[{"href":"https:\/\/cngcmotru.ro\/index.php\/wp-json\/wp\/v2\/media?parent=105"}],"curies":[{"name":"wp","href":"https:\/\/api.w.org\/{rel}","templated":true}]}}