{"id":115,"date":"2022-01-10T07:53:50","date_gmt":"2022-01-10T07:53:50","guid":{"rendered":"https:\/\/cngcmotru.ro\/?page_id=115"},"modified":"2026-02-24T07:32:19","modified_gmt":"2026-02-24T07:32:19","slug":"bacalaureat-2022","status":"publish","type":"page","link":"https:\/\/cngcmotru.ro\/index.php\/examene\/bacalaureat-2022\/","title":{"rendered":"Bacalaureat"},"content":{"rendered":"<blockquote>\n<p class=\"rtejustify\"><span style=\"color: #ff0000;\"><strong>[<em>pagin\u0103 actualizat\u0103 \u00een data de 29.10.2025<\/em>]<\/strong><\/span><\/p>\n<blockquote>\n<p class=\"rtejustify\"><strong>Examenul na\u021bional de bacalaureat 2026<\/strong>\u00a0(ambele sesiuni) se va desf\u0103\u015fura\u00a0\u00een conformitate cu\u00a0prevederile\u00a0<strong><a href=\"https:\/\/www.edu.ro\/sites\/default\/files\/_fi%C8%99iere\/Legislatie\/2025\/OMEC_6059_2025.pdf\" target=\"_blank\" rel=\"noopener\">ordinului de ministru nr. 6.059\/29.08.2025<\/a>,<\/strong>\u00a0prevederile art. 1 alin. (3) \u0219i ale art. 3 din\u00a0<a href=\"https:\/\/www.edu.ro\/sites\/default\/files\/_fi%C8%99iere\/Legislatie\/2023\/legislatie_subsecventa_LegiEdu\/OM_6072_2023.pdf\" target=\"_blank\" rel=\"noopener\"><strong>Ordinul ministrului educa\u021biei nr. 6.072\/2023<\/strong><\/a>\u00a0privind aprobarea unor m\u0103suri tranzitorii aplicabile la nivelul sistemului na\u021bional de \u00eenv\u0103\u021b\u0103m\u00e2nt preuniversitar \u0219i superior, cu modific\u0103rile ulterioare<strong>,<\/strong>\u00a0respectiv prevederile\u00a0<strong><a href=\"http:\/\/www.edu.ro\/sites\/default\/files\/fisiere%20articole\/Anexa_2_Metodologia_bacalaureat_2011.pdf\" target=\"_blank\" rel=\"noopener\">Metodologiei de organizare \u015fi desf\u0103\u015furare a examenului de Bacalaureat &#8211; 2011<\/a><\/strong>\u00a0(aprobat\u0103 prin ordinul ministrului educa\u0163iei, cercet\u0103rii, tineretului \u015fi sportului nr. 4.799\/2010).<\/p>\n<ul>\n<li class=\"rtejustify\">[<strong>NOU<\/strong>]\u00a0<a href=\"https:\/\/www.edu.ro\/sites\/default\/files\/_fi%C8%99iere\/Minister\/2025\/div\/Procedura_egalizare_sanse_examene_2026.pdf\" target=\"_blank\" rel=\"noopener\"><strong>PROCEDUR\u0102<\/strong><\/a>\u00a0cu privire<strong>\u00a0la asigurarea condi\u021biilor de egalizare a \u0219anselor pentru elevii cu deficien\u021be de\u00a0vedere, deficien\u021be de auz \u0219i tulbur\u0103ri de neurodezvoltare\u00a0<\/strong>care sus\u021bin examenele na\u021bionale:<strong>\u00a0<\/strong><strong>evaluarea na\u021bional\u0103 pentru absolven\u021bii clasei a VIII-a \u0219i\u00a0<\/strong><strong>examenul na\u021bional de bacalaureat &#8211; sesiunea 2026<\/strong>\n<ul>\n<li class=\"rtejustify\"><strong>Descarc\u0103 \u200b<\/strong>\u200b(arhiv\u0103 RAR: fi\u0219ier editabil + pdf):\u00a0<strong><a href=\"https:\/\/www.edu.ro\/sites\/default\/files\/_fi%C8%99iere\/Minister\/2025\/div\/Anexa-1-Cerere-egalizare-sanse-bacalaureat.rar\" target=\"_top\">Model cerere examen bacalaureat<\/a>\u00a0<\/strong>(cererea va\u00a0fi completat\u0103 de p\u0103rinte\/tutore\/reprezentant legal al elevei\/elevului\/candidatei\/candidatului)<\/li>\n<\/ul>\n<\/li>\n<\/ul>\n<\/blockquote>\n<p class=\"rtejustify\"><strong>Calendar\u00a0sesiune iunie &#8211; iulie 2026<\/strong><\/p>\n<div class=\"wp-block-image\"><img loading=\"lazy\" decoding=\"async\" class=\"wpa-warning wpa-image-missing-alt wp-image-621 size-medium alignleft\" src=\"https:\/\/cngcmotru.ro\/wp-content\/uploads\/2026\/02\/calendar_bacalaureat_scris_2026-300x252.jpeg\" alt=\"\" width=\"300\" height=\"252\" data-warning=\"Missing alt text\" srcset=\"https:\/\/cngcmotru.ro\/wp-content\/uploads\/2026\/02\/calendar_bacalaureat_scris_2026-300x252.jpeg 300w, https:\/\/cngcmotru.ro\/wp-content\/uploads\/2026\/02\/calendar_bacalaureat_scris_2026-768x644.jpeg 768w, https:\/\/cngcmotru.ro\/wp-content\/uploads\/2026\/02\/calendar_bacalaureat_scris_2026.jpeg 783w\" sizes=\"auto, (max-width: 300px) 100vw, 300px\" \/><\/div>\n<div class=\"wp-block-image\"><img loading=\"lazy\" decoding=\"async\" class=\"wpa-warning wpa-image-missing-alt alignnone size-medium wp-image-622\" src=\"https:\/\/cngcmotru.ro\/wp-content\/uploads\/2026\/02\/calendar_bacalaureat_2026-300x279.jpeg\" alt=\"\" width=\"300\" height=\"279\" data-warning=\"Missing alt text\" srcset=\"https:\/\/cngcmotru.ro\/wp-content\/uploads\/2026\/02\/calendar_bacalaureat_2026-300x279.jpeg 300w, https:\/\/cngcmotru.ro\/wp-content\/uploads\/2026\/02\/calendar_bacalaureat_2026.jpeg 715w\" sizes=\"auto, (max-width: 300px) 100vw, 300px\" \/><\/div>\n<p>&nbsp;<\/p>\n<p>&nbsp;<\/p>\n<p class=\"rtejustify\"><span style=\"color: #ff0000;\">[<em>pagin\u0103 actualizat\u0103 \u00een data de 18.12.2024<\/em>]<\/span><\/p>\n<blockquote>\n<p class=\"rtejustify\"><strong>Examenul na\u021bional de bacalaureat 2025<\/strong>\u00a0(ambele sesiuni) se va desf\u0103\u015fura\u00a0\u00een conformitate cu\u00a0prevederile\u00a0<strong><a href=\"https:\/\/edu.ro\/sites\/default\/files\/_fi%C8%99iere\/Legislatie\/2024\/OM_6481_2024_bacalaureat_2025.pdf\" target=\"_blank\" rel=\"noopener\">ordinului de ministru nr. 6.481\/30.08.2024<\/a>,<\/strong>\u00a0prevederile art. 1 alin. (3) \u0219i ale art. 3 din\u00a0<a href=\"https:\/\/www.edu.ro\/sites\/default\/files\/_fi%C8%99iere\/Legislatie\/2023\/legislatie_subsecventa_LegiEdu\/OM_6072_2023.pdf\" target=\"_blank\" rel=\"noopener\"><strong>Ordinul ministrului educa\u021biei nr. 6.072\/2023<\/strong><\/a>\u00a0privind aprobarea unor m\u0103suri tranzitorii aplicabile la nivelul sistemului na\u021bional de \u00eenv\u0103\u021b\u0103m\u00e2nt preuniversitar \u0219i superior, cu modific\u0103rile ulterioare<strong>,<\/strong>\u00a0respectiv prevederile\u00a0<strong><a href=\"http:\/\/www.edu.ro\/sites\/default\/files\/fisiere%20articole\/Anexa_2_Metodologia_bacalaureat_2011.pdf\" target=\"_blank\" rel=\"noopener\">Metodologiei de organizare \u015fi desf\u0103\u015furare a examenului de Bacalaureat &#8211; 2011<\/a><\/strong>\u00a0(aprobat\u0103 prin ordinul ministrului educa\u0163iei, cercet\u0103rii, tineretului \u015fi sportului nr. 4.799\/2010).<\/p>\n<ul>\n<li class=\"rtejustify\"><strong>[NOU]\u00a0<a href=\"https:\/\/edu.ro\/sites\/default\/files\/_fi%C8%99iere\/Minister\/2024\/div\/lista_echivalare.pdf\" target=\"_blank\" rel=\"noopener\">Lista olimpiadelor \u0219i concursurilor interna\u021bionale\u00a0recunoscute de Ministerul Educa\u021biei<\/a>\u00a0<\/strong>pentru care se poate echivala proba\u00a0scris\u0103 la examenul na\u021bional de bacalaureat &#8211;<strong>\u00a02025<\/strong><\/li>\n<li class=\"rtejustify\"><strong>\u00censcrierile pentru probele de competen\u021be din cadrul examenului de bacalaureat 2025 (prima sesiune) se desf\u0103\u0219oar\u0103 \u00een perioada 16 &#8211;\u00a020 decembrie 2024.<\/strong><\/li>\n<\/ul>\n<p class=\"rtejustify\"><strong>Reg\u0103si\u021bi mai jos calendarul probelor\u00a0de competen\u021be.<\/strong><\/p>\n<p class=\"rtejustify\"><img loading=\"lazy\" decoding=\"async\" src=\"https:\/\/edu.ro\/sites\/default\/files\/_imagini\/agenda_evenimente\/2024\/probe_competente_bacalaureat_2025.jpeg\" alt=\"\" width=\"406\" height=\"421\" \/><\/p>\n<ul>\n<li class=\"rtejustify\"><strong>[NOU]\u00a0<a href=\"https:\/\/edu.ro\/sites\/default\/files\/_fi%C8%99iere\/Minister\/2025\/examene_2025\/Procedura_egalizare_examene_nationale_sanse_2025.pdf\" target=\"_blank\" rel=\"noopener\">PROCEDUR\u0102<\/a>\u00a0cu privire la asigurarea condi\u021biilor de egalizare a \u0219anselor<\/strong>\u00a0pentru elevii cu deficien\u021be de vedere, deficien\u021be de auz \u0219i tulbur\u0103ri de neurodezvoltare care sus\u021bin examenele na\u021bionale: evaluarea na\u021bional\u0103 pentru absolven\u021bii clasei a VIII-a \u0219i examenul na\u021bional de bacalaureat &#8211;\u00a0<strong>\u00a0sesiunea 2025<\/strong>\n<ul>\n<li class=\"rtejustify\">(<em>arhiv\u0103 ZIP: fi\u0219ier editabil + pdf<\/em>)\u00a0<a href=\"https:\/\/edu.ro\/sites\/default\/files\/_fi%C8%99iere\/Minister\/2025\/examene_2025\/Anexa1_Cerere_egalizare_sanse_2025.zip\" target=\"_top\"><strong>Model cerere<\/strong><\/a>\u00a0(va\u00a0fi completat\u0103 de p\u0103rinte\/tutore\/reprezentant legal al elevei\/elevului\/candidatei\/candidatului)<\/li>\n<\/ul>\n<\/li>\n<\/ul>\n<\/blockquote>\n<p>&nbsp;<\/p>\n<p class=\"rtejustify\"><strong>Examenul na\u021bional de bacalaureat 2024<\/strong>\u00a0(ambele sesiuni) se va desf\u0103\u015fura\u00a0\u00een conformitate cu\u00a0prevederile\u00a0<a href=\"https:\/\/legislatie.just.ro\/Public\/DetaliiDocument\/274246\" target=\"_blank\" rel=\"noopener\"><strong>ordinului de ministru 6.156\/31.08.2023<\/strong><\/a>\u00a0\u0219i ale\u00a0<a href=\"http:\/\/www.edu.ro\/sites\/default\/files\/fisiere%20articole\/Anexa_2_Metodologia_bacalaureat_2011.pdf\" target=\"_blank\" rel=\"noopener\">Metodologiei de organizare \u015fi desf\u0103\u015furare a examenului de Bacalaureat &#8211; 2011<\/a>\u00a0(aprobat\u0103 prin ordinul ministrului educa\u0163iei, cercet\u0103rii, tineretului \u015fi sportului nr. 4.799\/2010).<\/p>\n<\/blockquote>\n<blockquote>\n<ul>\n<li class=\"rtejustify\"><strong>[NOU]\u00a0<a href=\"https:\/\/edu.ro\/sites\/default\/files\/_fi%C8%99iere\/Minister\/2024\/examene_20_24\/Lista_competitii_recunoscute_ME_echivalare_bacalaureat_2024.pdf\" target=\"_blank\" rel=\"noopener\">Lista olimpiadelor \u0219i concursurilor interna\u021bionale<\/a>\u00a0<\/strong>recunoscute de Ministerul Educa\u021biei pentru care se poate echivala proba\u00a0scris\u0103 la examenul na\u021bional de bacalaureat &#8211;<strong>\u00a02024<\/strong><\/li>\n<li class=\"rtejustify\"><a href=\"https:\/\/www.edu.ro\/programe_probe_examen_bacalaureat_2024\" target=\"_blank\" rel=\"noopener\"><strong>Programe de examen<\/strong><\/a>\u00a0(valabile pentru sesiunile din anul 2024)<\/li>\n<li><strong><a href=\"https:\/\/www.edu.ro\/sites\/default\/files\/_fi%C8%99iere\/Legislatie\/2024\/OM_4096_2024.pdf\" target=\"_blank\" rel=\"noopener\">Ordin\u00a0\u00a0nr. 4.096\/01.04.2024<\/a>\u00a0<\/strong>privind aprobarea calendarului sesiunii speciale a examenului de bacalaureat &#8211; 2024 pentru absolven\u021bii de liceu participan\u021bi la loturile olimpice \u0219i la competi\u021biile sportive \u0219i artistice interna\u021bionale care se desf\u0103\u0219oar\u0103 \u00een aceea\u0219i perioad\u0103 cu examenul na\u021bional de bacalaureat 2024 &#8211; sesiunea iunie-iulie \u0219i\/sau pentru absolven\u021bii de liceu care sus\u021bin examenul de admitere la academii militare din Statele Unite ale Americii<\/li>\n<\/ul>\n<\/blockquote>\n<p class=\"rtejustify\"><strong>Calendar prima sesiune\u00a0(17 iunie &#8211; 12 iulie 2024)<\/strong><\/p>\n<p class=\"rtejustify\"><strong>3 &#8211;\u00a07 iunie<\/strong>: \u00censcrierea candida\u021bilor<\/p>\n<p class=\"rtejustify\"><strong>7 iunie<\/strong>: \u00cencheierea cursurilor pentru clasa a XII-a\/a XIII-a<\/p>\n<p class=\"rtejustify\"><strong>17 &#8211; 19 iunie<\/strong>: Evaluarea competen\u021belor lingvistice de comunicare oral\u0103 \u00een limba rom\u00e2n\u0103 [proba A]<\/p>\n<p class=\"rtejustify\"><strong>19 &#8211; 20 iunie<\/strong>: Evaluarea competen\u021belor lingvistice de comunicare oral\u0103 \u00een limba matern\u0103\u00a0[proba B]<\/p>\n<p class=\"rtejustify\"><strong>19 &#8211; 21 iunie:<\/strong>\u00a0Evaluarea competen\u021belor digitale\u00a0[proba D]<\/p>\n<p class=\"rtejustify\"><strong>25 &#8211; 27 iunie<\/strong>: Evaluarea competen\u021belor lingvistice \u00eentr-o limb\u0103 de circula\u021bie interna\u021bional\u0103<\/p>\n<p class=\"rtejustify\"><strong>1 iulie<\/strong>: Limba \u0219i literatura rom\u00e2n\u0103 &#8211;\u00a0proba E.a) [<em>proba scris\u0103<\/em>]<\/p>\n<p class=\"rtejustify\"><strong>2 iulie:<\/strong>\u00a0Proba obligatorie a profilului &#8211;\u00a0proba E.c)\u00a0[<em>proba scris\u0103<\/em>]<\/p>\n<p class=\"rtejustify\"><strong>4 iulie<\/strong>: Proba la alegere a profilului \u0219i specializ\u0103rii &#8211;\u00a0proba E.d)\u00a0[<em>proba scris\u0103<\/em>]<\/p>\n<p class=\"rtejustify\"><strong>5 iulie<\/strong>: Limba \u0219i literatura matern\u0103 &#8211;\u00a0proba E.b)\u00a0[<em>proba scris\u0103<\/em>]<\/p>\n<p class=\"rtejustify\"><strong>8 iulie<\/strong>: Afi\u0219area rezultatelor la probele scrise p\u00e2n\u0103 la ora 12:00) \u0219i depunerea contesta\u021biilor \u00een intervalul orar 12:00 &#8211; 18:00<\/p>\n<p class=\"rtejustify\"><strong>9 &#8211;\u00a011 iulie<\/strong>: Solu\u021bionarea contesta\u021biilor<\/p>\n<p class=\"rtejustify\"><strong>12 iulie:<\/strong>\u00a0Afi\u0219area rezultatelor finale<\/p>\n<p class=\"rtejustify\"><strong>&#8230;&#8230;&#8230;&#8230;&#8230;&#8230;&#8230;&#8230;&#8230;..<\/strong><\/p>\n<blockquote>\n<p class=\"rtejustify\"><strong><a href=\"https:\/\/edu.ro\/sites\/default\/files\/_fi%C8%99iere\/Minister\/2024\/examene_20_24\/Procedura_egalizare_sanse_exanene_nationale_2024.pdf\" target=\"_blank\" rel=\"noopener\">PROCEDUR\u0102 cu\u00a0privire la asigurarea condi\u021biilor de egalizare a \u0219anselor<\/a>\u00a0<\/strong>pentru elevii cu deficien\u021be de vedere, deficien\u021be de auz \u0219i tulbur\u0103ri de neurodezvoltare care sus\u021bin examenele na\u021bionale: evaluarea na\u021bional\u0103 pentru absolven\u021bii clasei\u00a0 a VIII-a \u0219i examenul na\u021bional de bacalaureat &#8211;\u00a0<strong>sesiunea 2024<\/strong><\/p>\n<ul>\n<li>(<strong>fi\u0219ier editabil<\/strong>\u00a0&#8211; arhiv\u0103 ZIP)\u00a0<strong><a href=\"https:\/\/edu.ro\/sites\/default\/files\/_fi%C8%99iere\/Minister\/2024\/examene_20_24\/Anexa1_Cerere_egalizare_sanse_2024.zip\" target=\"_top\" rel=\"noopener\">Model cerere<\/a>\u00a0<\/strong>(va\u00a0fi completat\u0103 de p\u0103rinte\/tutore\/reprezentant legal al elevei\/elevului\/candidatei\/candidatului)<\/li>\n<\/ul>\n<\/blockquote>\n<ul>\n<li class=\"rtejustify\"><strong>\u200b<a href=\"https:\/\/legislatie.just.ro\/Public\/DetaliiDocument\/274238\" target=\"_blank\" rel=\"noopener\">Ordin\u00a0nr. 6.152\/31.08.2023<\/a>\u00a0<\/strong>pentru modificarea\u00a0anexelor nr. 1-3\u00a0la\u00a0Ordinul ministrului educa\u021biei, cercet\u0103rii, tineretului \u0219i sportului nr. 5.219\/2010\u00a0privind recunoa\u0219terea \u0219i echivalarea rezultatelor ob\u021binute la examene cu recunoa\u0219tere interna\u021bional\u0103 pentru certificarea competen\u021belor lingvistice \u00een limbi str\u0103ine \u0219i la examene cu recunoa\u0219tere european\u0103 pentru certificarea competen\u021belor digitale cu probele de evaluare a competen\u021belor lingvistice \u00eentr-o limb\u0103 de circula\u021bie interna\u021bional\u0103 studiat\u0103 pe parcursul \u00eenv\u0103\u021b\u0103m\u00e2ntului liceal, respectiv de evaluare a competen\u021belor digitale, din cadrul examenului de bacalaureat<\/li>\n<\/ul>\n<p class=\"rtejustify\"><strong>Examenul na\u021bional de bacalaureat 2023<\/strong>\u00a0se va desf\u0103\u015fura\u00a0\u00een conformitate cu\u00a0prevederile\u00a0<strong><a href=\"https:\/\/www.edu.ro\/sites\/default\/files\/_fi%C8%99iere\/Legislatie\/2022\/OM_5242_bacalaureat_2023.pdf\" target=\"_blank\" rel=\"noopener\">ordinului de ministru nr. 5.242\/2022<\/a><\/strong>\u00a0\u0219i ale\u00a0<a href=\"https:\/\/www.edu.ro\/sites\/default\/files\/fisiere%20articole\/Anexa_2_Metodologia_bacalaureat_2011.pdf\" target=\"_self\" rel=\"noopener\">Metodologiei de organizare \u015fi desf\u0103\u015furare a examenului de Bacalaureat &#8211; 2011<\/a> (aprobat\u0103 prin ordinul ministrului educa\u0163iei, cercet\u0103rii, tineretului \u015fi sportului nr. 4.799\/2010).<\/p>\n<blockquote>\n<p class=\"rtejustify\"><a href=\"http:\/\/Anex\u0103: \u200bCalendarul examenului na\u021bional de bacalaureat - 2023\" target=\"_blank\" rel=\"noopener\"><em><strong>Calendarul examenului na\u021bional de bacalaureat &#8211; 2023<\/strong><\/em><\/a><\/p>\n<p class=\"rtejustify\"><em><strong>\u25baActualizare: mai precis, a fost\u00a0modificat\u00a0intervalul alocat\u00a0\u00eenscrierii\u00a0\u00een prima sesiune, vezi pasajul subliniat din anex\u0103:\u00a0<\/strong><\/em><strong><a href=\"https:\/\/www.edu.ro\/sites\/default\/files\/_fi%C8%99iere\/Minister\/2023\/preuniversitar_root\/Calendar_actualizat_bacalaureat_2023.pdf\" target=\"_blank\" rel=\"noopener\">Calendarul examenului na\u021bional de bacalaureat &#8211; 2023<\/a><\/strong><\/p>\n<p class=\"rtejustify\"><strong>\u25ba Sesiunea\u00a0special\u0103 2023 (pentru olimpici) a examenului de bacalaureat se desf\u0103\u0219oar\u0103 \u00een perioada 11 &#8211; 29 mai\u00a0<\/strong>\u0219i va fi organizat\u0103 de ISJ Prahova<\/p>\n<p class=\"rtejustify\"><a href=\"https:\/\/www.edu.ro\/sites\/default\/files\/_fi%C8%99iere\/Legislatie\/2022\/Anexa_OM_4796_echivalari_examene_internationale_competente_bacalaureat_2023.pdf\" target=\"_blank\" rel=\"noopener\"><em><strong>Lista\u00a0examenelor cu recunoa\u015ftere interna\u0163ional\u0103<\/strong><\/em><\/a> (aprobat\u0103 prin ordinul de ministru nr. 4.976\/25.08.2022)\u00a0<em>pentru certificarea competen\u0163elor lingvistice \u00een limbi str\u0103ine \u015fi la examene cu recunoa\u015ftere european\u0103 pentru certificarea competen\u0163elor digitale cu probele de evaluare a competen\u0163elor lingvistice \u00eentr-o limb\u0103 de circula\u0163ie interna\u0163ional\u0103 studiat\u0103 pe parcursul \u00eenv\u0103\u0163\u0103m\u00e2ntului liceal, respectiv de evaluare a competen\u0163elor digitale, din cadrul examenului de bacalaureat<\/em><\/p>\n<\/blockquote>\n<ul>\n<li>\n<p class=\"rtejustify\"><a href=\"https:\/\/www.edu.ro\/sites\/default\/files\/_fi%C8%99iere\/Minister\/2022\/inv.%20preuniversitar\/note_proceduri\/Procedura_egalizare_sanse_exanene_nationale_2023.pdf\" target=\"_blank\" rel=\"noopener\"><strong>PROCEDUR\u0102 cu privire la asigurarea condi\u021biilor de egalizare a \u0219anselor<\/strong><\/a>\u00a0pentru elevii cu deficien\u021be de vedere, deficien\u021be de auz \u0219i tulbur\u0103ri de neurodezvoltare care sus\u021bin examenele na\u021bionale: evaluarea na\u021bional\u0103 pentru absolven\u021bii clasei \u00a0a VIII-a \u0219i examenul na\u021bional de bacalaureat &#8211;<strong>\u00a0sesiunea 2023\u00a0<\/strong><\/p>\n<ul>\n<li>\n<p class=\"rtejustify\">(fi\u0219ier pdf)\u00a0<a href=\"https:\/\/www.edu.ro\/sites\/default\/files\/_fi%C8%99iere\/Minister\/2022\/inv.%20preuniversitar\/note_proceduri\/Anexa_Cerere_Procedura_egalizare_sanse_examene_nationale_2023.pdf\" target=\"_blank\" rel=\"noopener\"><em><strong>Model cerere<\/strong><\/em><\/a>\u00a0(va\u00a0fi completat\u0103 de p\u0103rinte\/tutore\/reprezentant legal al elevei\/elevului\/candidatei\/candidatului)<\/p>\n<\/li>\n<\/ul>\n<\/li>\n<\/ul>\n<p>&nbsp;<\/p>\n<p class=\"rtejustify\"><strong>Examenul na\u021bional de bacalaureat 2022<\/strong>\u00a0se va desf\u0103\u015fura\u00a0\u00een conformitate cu prevederile <a href=\"https:\/\/www.edu.ro\/sites\/default\/files\/fisiere%20articole\/Anexa_2_Metodologia_bacalaureat_2011.pdf\" target=\"_self\" rel=\"noopener\">Metodologiei de organizare \u015fi desf\u0103\u015furare a examenului de Bacalaureat &#8211; 2011<\/a> (aprobat\u0103 prin ordinul ministrului educa\u0163iei, cercet\u0103rii, tineretului \u015fi sportului nr. 4.799\/2010), \u015fi cu prevederile\u00a0<strong><a href=\"https:\/\/www.edu.ro\/sites\/default\/files\/_fi%C8%99iere\/Legislatie\/2021\/OM%205.151_2021_Bacalaureat%202022.pdf\" target=\"_self\" rel=\"noopener\">ordinului de ministru nr. 5.151\/30.08.2021<\/a><\/strong>\u00a0(calendarul examenului este parte integramt\u0103 a ordinului).<\/p>\n<p class=\"rtejustify\"><strong>Programele pentru sus\u0163inerea probelor scrise la disciplinele limba \u015fi literatura rom\u00e2n\u0103, limba \u015fi literatura matern\u0103 pentru elevii de la toate filierele, profilurile \u015fi specializ\u0103rile<\/strong>, care au urmat studiile liceale \u00eentr-o limb\u0103 a minorit\u0103\u0163ilor na\u0163ionale, matematic\u0103, istorie, fizic\u0103, chimie, biologie, informatic\u0103, geografie, logic\u0103, argumentare \u015fi comunicare, psihologie, economie, sociologie \u015fi filosofie,<strong> valabile pentru examenul na\u0163ional de bacalaureat 2022<\/strong>, sunt cele aprobate prin <strong>Ordinul ministrului educa\u0163iei nr. 3.237\/2021 &#8211; disponibile <a href=\"https:\/\/rocnee.eu\/sites\/default\/files\/2021\/programescolare\/OME_ENVIII_BAC_3237_05022021_Anexa_2.PDF\" target=\"_blank\" rel=\"noopener\">aici<\/a>.<\/strong><\/p>\n<p class=\"rtejustify\">Programa de bacalaureat pentru evaluarea competen\u0163elor digitale, valabil\u0103 \u00een sesiunile examenului na\u0163ional de bacalaureat din anul 2022, este prev\u0103zut\u0103 \u00een anexa nr. 2 la Ordinul ministrului educa\u0163iei na\u0163ionale nr. 4.923\/2013.<\/p>\n","protected":false},"excerpt":{"rendered":"<p>[pagin\u0103 actualizat\u0103 \u00een data de 29.10.2025] Examenul na\u021bional de bacalaureat 2026\u00a0(ambele sesiuni) se va desf\u0103\u015fura\u00a0\u00een conformitate cu\u00a0prevederile\u00a0ordinului de ministru nr. 6.059\/29.08.2025,\u00a0prevederile art. 1 alin. (3) \u0219i ale art. 3 din\u00a0Ordinul ministrului educa\u021biei nr. 6.072\/2023\u00a0privind aprobarea unor m\u0103suri tranzitorii aplicabile la nivelul sistemului na\u021bional de \u00eenv\u0103\u021b\u0103m\u00e2nt preuniversitar \u0219i superior, cu modific\u0103rile ulterioare,\u00a0respectiv prevederile\u00a0Metodologiei de organizare \u015fi&hellip; <a class=\"continue\" href=\"https:\/\/cngcmotru.ro\/index.php\/examene\/bacalaureat-2022\/\">Continua<span> Bacalaureat<\/span><\/a><\/p>\n","protected":false},"author":1,"featured_media":0,"parent":103,"menu_order":0,"comment_status":"closed","ping_status":"closed","template":"","meta":{"footnotes":""},"class_list":["post-115","page","type-page","status-publish","hentry"],"_links":{"self":[{"href":"https:\/\/cngcmotru.ro\/index.php\/wp-json\/wp\/v2\/pages\/115","targetHints":{"allow":["GET"]}}],"collection":[{"href":"https:\/\/cngcmotru.ro\/index.php\/wp-json\/wp\/v2\/pages"}],"about":[{"href":"https:\/\/cngcmotru.ro\/index.php\/wp-json\/wp\/v2\/types\/page"}],"author":[{"embeddable":true,"href":"https:\/\/cngcmotru.ro\/index.php\/wp-json\/wp\/v2\/users\/1"}],"replies":[{"embeddable":true,"href":"https:\/\/cngcmotru.ro\/index.php\/wp-json\/wp\/v2\/comments?post=115"}],"version-history":[{"count":10,"href":"https:\/\/cngcmotru.ro\/index.php\/wp-json\/wp\/v2\/pages\/115\/revisions"}],"predecessor-version":[{"id":625,"href":"https:\/\/cngcmotru.ro\/index.php\/wp-json\/wp\/v2\/pages\/115\/revisions\/625"}],"up":[{"embeddable":true,"href":"https:\/\/cngcmotru.ro\/index.php\/wp-json\/wp\/v2\/pages\/103"}],"wp:attachment":[{"href":"https:\/\/cngcmotru.ro\/index.php\/wp-json\/wp\/v2\/media?parent=115"}],"curies":[{"name":"wp","href":"https:\/\/api.w.org\/{rel}","templated":true}]}}