{"id":167,"date":"2022-01-11T07:31:55","date_gmt":"2022-01-11T07:31:55","guid":{"rendered":"https:\/\/cngcmotru.ro\/?page_id=167"},"modified":"2026-02-24T07:47:54","modified_gmt":"2026-02-24T07:47:54","slug":"evaluarea-nationala-a-elevilor-de-clasa-a-viii-a-en-viii","status":"publish","type":"page","link":"https:\/\/cngcmotru.ro\/index.php\/examene\/evaluarea-nationala-a-elevilor-de-clasa-a-viii-a-en-viii\/","title":{"rendered":"Evaluarea Na\u021bional\u0103 a elevilor de clasa a VIII-a (EN VIII)"},"content":{"rendered":"<p class=\"rtejustify\"><span style=\"color: #ff0000;\">[<em>ultima actualizare: 29.10.2025<\/em>]<\/span><\/p>\n<p class=\"rtejustify\"><strong>Evaluarea Na\u021bional\u0103 a absolven\u021bilor clasei a VIII-a<\/strong>\u00a0(<strong>EN VIII<\/strong>) reprezint\u0103\u00a0modalitatea de evaluare extern\u0103\u00a0sumativ\u0103\u00a0a competen\u021belor dob\u00e2ndite pe parcursul \u00eenv\u0103\u021b\u0103m\u00e2ntului gimnazial. Examenul se desfa\u0219oar\u0103, anual, \u00eentr-o singur\u0103 sesiune.<\/p>\n<ul>\n<li>\n<p class=\"rtejustify\"><strong>Metodologia\u00a0de organizare \u0219i desf\u0103\u0219urare a examenului<\/strong>\u00a0<strong>\u00een\u00a0anul \u0219colar\u00a0<\/strong><strong>2025 &#8211;\u00a02026 \u0219i calendarul aferent<\/strong>\u00a0au fost aprobate\u00a0prin\u00a0<strong><a href=\"https:\/\/www.edu.ro\/sites\/default\/files\/_fi%C8%99iere\/Legislatie\/2025\/OMEC_6058_2025%20calendar_ENVIII_2026.pdf\" target=\"_blank\" rel=\"noopener\">ordinul de ministru nr. 6.058\/29.08.2025<\/a>.<\/strong><\/p>\n<\/li>\n<li>\n<p class=\"rtejustify\"><strong><a href=\"https:\/\/www.edu.ro\/sites\/default\/files\/_fi%C8%99iere\/Minister\/2025\/div\/Procedura_egalizare_sanse_examene_2026.pdf\" target=\"_blank\" rel=\"noopener\">PROCEDUR\u0102<\/a>\u00a0cu privire\u00a0la asigurarea condi\u021biilor de egalizare a \u0219anselor pentru elevii cu deficien\u021be de\u00a0vedere, deficien\u021be de auz \u0219i tulbur\u0103ri de neurodezvoltare\u00a0care sus\u021bin examenele na\u021bionale:\u00a0evaluarea na\u021bional\u0103 pentru absolven\u021bii clasei a VIII-a \u0219i\u00a0examenul na\u021bional de bacalaureat &#8211; sesiunea 2026<\/strong><\/p>\n<ul>\n<li>\n<p class=\"rtejustify\"><strong>Descarc\u0103\u00a0<\/strong><em>\u200b\u200b(arhiv\u0103 RAR: fi\u0219ier editabil + pdf):\u00a0<\/em><strong><a href=\"https:\/\/www.edu.ro\/sites\/default\/files\/_fi%C8%99iere\/Minister\/2025\/div\/Anexa-1-Cerere-egalizare-sanse-evaluare_nationala_2026.rar\" target=\"_top\">Model cerere EN VIII<\/a>\u00a0<\/strong><em>(cererea va\u00a0fi completat\u0103 de p\u0103rinte\/tutore\/reprezentant legal al elevei\/elevului\/candidatei\/candidatului)<\/em><\/p>\n<\/li>\n<\/ul>\n<\/li>\n<\/ul>\n<p class=\"rtejustify\"><strong>Calendar EN VIII 2026<\/strong><\/p>\n<div class=\"wp-block-image\"><img loading=\"lazy\" decoding=\"async\" class=\"wpa-warning wpa-image-missing-alt alignnone size-medium wp-image-626\" src=\"https:\/\/cngcmotru.ro\/wp-content\/uploads\/2026\/02\/calendar_ENVIII_2026-300x269.jpeg\" alt=\"\" width=\"300\" height=\"269\" data-warning=\"Missing alt text\" srcset=\"https:\/\/cngcmotru.ro\/wp-content\/uploads\/2026\/02\/calendar_ENVIII_2026-300x269.jpeg 300w, https:\/\/cngcmotru.ro\/wp-content\/uploads\/2026\/02\/calendar_ENVIII_2026.jpeg 737w\" sizes=\"auto, (max-width: 300px) 100vw, 300px\" \/><\/div>\n<p class=\"rtejustify\">[<em>ultima actualizare: 12.09.2024<\/em>]<\/p>\n<p class=\"rtejustify\"><strong>Evaluarea Na\u021bional\u0103 a absolven\u021bilor clasei a VIII-a<\/strong>\u00a0(<strong>EN VIII<\/strong>) reprezint\u0103\u00a0modalitatea de evaluare extern\u0103\u00a0sumativ\u0103\u00a0a competen\u021belor dob\u00e2ndite pe parcursul \u00eenv\u0103\u021b\u0103m\u00e2ntului gimnazial.<\/p>\n<p class=\"rtejustify\">Examenul se desfa\u0219oar\u0103, anual, \u00eentr-o singur\u0103 sesiune. At\u00e2t candida\u021bii proveni\u021bi din \u00eenv\u0103\u021b\u0103m\u00e2ntul de stat, c\u00e2t \u0219i cei din \u00eenv\u0103\u021b\u0103m\u00e2ntul particular au dreptul sa sus\u021bin\u0103 examenul\u00a0f\u0103r\u0103\u00a0tax\u0103.<\/p>\n<ul>\n<li>\n<p class=\"rtejustify\"><strong>Metodologia\u00a0de organizare \u0219i desf\u0103\u0219urare a examenului<\/strong>\u00a0<strong>\u00een\u00a0anul \u0219colar\u00a0<\/strong><strong>2024 &#8211;\u00a02025 \u0219i calendarul acestuia<\/strong>\u00a0au fost aprobate\u00a0prin\u00a0<strong><a href=\"https:\/\/www.edu.ro\/sites\/default\/files\/_fi%C8%99iere\/Legislatie\/2024\/OM_6479_2024_ENVIII_2024_2025.pdf\" target=\"_blank\" rel=\"noopener\">ordinul de ministru nr. 6.479\/30.08.2024<\/a>.<\/strong><\/p>\n<\/li>\n<\/ul>\n<p class=\"rtejustify\"><strong>Evaluarea Na\u021bional\u0103 pentru elevii clasei a VIII-a<\/strong>\u00a0(<strong>EN VIII<\/strong>) reprezint\u0103\u00a0modalitatea de evaluare extern\u0103\u00a0sumativ\u0103\u00a0a competen\u021belor dob\u00e2ndite pe parcursul \u00eenv\u0103\u021b\u0103m\u00e2ntului gimnazial. Examenul se desfa\u0219oar\u0103, anual, \u00eentr-o singur\u0103 sesiune. At\u00e2t candida\u021bii proveni\u021bi din \u00eenv\u0103\u021b\u0103m\u00e2ntul de stat, c\u00e2t \u0219i cei din \u00eenv\u0103\u021b\u0103m\u00e2ntul particular au dreptul sa sus\u021bin\u0103 examenul\u00a0f\u0103r\u0103\u00a0tax\u0103.<\/p>\n<ul>\n<li>\n<p class=\"rtejustify\"><strong>Metodologia\u00a0de organizare \u0219i desf\u0103\u0219urare a examenului<\/strong>\u00a0<strong>\u00een\u00a0anul \u0219colar 2023 &#8211; 2024<\/strong>\u00a0a fost aprobat\u0103 prin\u00a0<a href=\"https:\/\/legislatie.just.ro\/Public\/DetaliiDocument\/274203\" target=\"_blank\" rel=\"noopener\"><strong>ordinul de ministru nr. 6.155\/31.08.2023<\/strong><\/a>.<\/p>\n<\/li>\n<\/ul>\n<p class=\"rtejustify\"><strong>Calendarul EN VIII\u00a02024<\/strong>\u00a0(versiunea simplificat\u0103)<\/p>\n<p class=\"rtejustify\"><img loading=\"lazy\" decoding=\"async\" src=\"https:\/\/www.edu.ro\/sites\/default\/files\/_imagini\/agenda_evenimente\/2023\/calendar_simplificat_ENVII_2024.jpg\" alt=\"\" width=\"450\" height=\"422\" \/><\/p>\n<blockquote>\n<p class=\"rtejustify\"><a href=\"https:\/\/www.edu.ro\/sites\/default\/files\/_fi%C8%99iere\/Minister\/2024\/examene_20_24\/Procedura_egalizare_sanse_exanene_nationale_2024.pdf\" target=\"_blank\" rel=\"noopener\"><strong>PROCEDUR\u0102 cu\u00a0privire la asigurarea condi\u021biilor de egalizare a \u0219anselor<\/strong><\/a>\u00a0pentru elevii cu deficien\u021be de vedere, deficien\u021be de auz \u0219i tulbur\u0103ri de neurodezvoltare care sus\u021bin examenele na\u021bionale: evaluarea na\u021bional\u0103 pentru absolven\u021bii clasei\u00a0 a VIII-a \u0219i\u00a0examenul na\u021bional de bacalaureat &#8211;\u00a0<strong>sesiunea 2024<\/strong><\/p>\n<ul>\n<li class=\"rtejustify\">(<strong>fi\u0219ier editabil<\/strong>\u00a0&#8211; arhiv\u0103 ZIP)\u00a0<strong><a href=\"https:\/\/www.edu.ro\/sites\/default\/files\/_fi%C8%99iere\/Minister\/2024\/examene_20_24\/Anexa1_Cerere_egalizare_sanse_2024.zip\" target=\"_top\" rel=\"noopener\">Model cerere<\/a>\u00a0<\/strong>(va\u00a0fi completat\u0103 de p\u0103rinte\/tutore\/reprezentant legal al elevei\/elevului\/candidatei\/candidatului)<\/li>\n<\/ul>\n<\/blockquote>\n<ul>\n<li>\n<p class=\"rtejustify\"><a href=\"https:\/\/www.edu.ro\/sites\/default\/files\/_fi%C8%99iere\/Legislatie\/2022\/OM_5241_2022_ENVII_2023.pdf\" target=\"_blank\" rel=\"noopener\"><strong>Metodologie de organizare \u0219i desf\u0103\u0219urare a examenului<\/strong><\/a>\u00a0<strong>\u00een\u00a0anul \u0219colar 2022 &#8211; 2023<\/strong> (aprobat\u0103 prin ordinul de ministru nr. 5.241\/31.08.2022)<\/p>\n<\/li>\n<li><strong>Calendar EN VIII 2023<\/strong><\/li>\n<\/ul>\n<p><strong><a href=\"https:\/\/www.edu.ro\/sites\/default\/files\/_imagini\/agenda_evenimente\/2022\/Calendar_EN_VIII_2023.JPG\" target=\"_blank\" rel=\"noopener\"><img loading=\"lazy\" decoding=\"async\" src=\"https:\/\/www.edu.ro\/sites\/default\/files\/_imagini\/agenda_evenimente\/2022\/Calendar_EN_VIII_2023.JPG\" alt=\"\" width=\"422\" height=\"308\" \/><\/a><\/strong><\/p>\n<ul>\n<li>\n<p class=\"rtejustify\"><a href=\"https:\/\/www.edu.ro\/sites\/default\/files\/_fi%C8%99iere\/Minister\/2022\/inv.%20preuniversitar\/note_proceduri\/Procedura_egalizare_sanse_exanene_nationale_2023.pdf\" target=\"_blank\" rel=\"noopener\"><strong>PROCEDUR\u0102 cu privire la asigurarea condi\u021biilor de egalizare a \u0219anselor<\/strong><\/a>\u00a0pentru elevii cu deficien\u021be de vedere, deficien\u021be de auz \u0219i tulbur\u0103ri de neurodezvoltare care sus\u021bin examenele na\u021bionale: evaluarea na\u021bional\u0103 pentru absolven\u021bii clasei \u00a0a VIII-a \u0219i examenul na\u021bional de bacalaureat &#8211;\u00a0<strong>sesiunea 2023<\/strong><strong>\u200b<\/strong><\/p>\n<ul>\n<li>\n<p class=\"rtejustify\">(fi\u0219ier pdf)<strong>\u00a0<a href=\"https:\/\/www.edu.ro\/sites\/default\/files\/_fi%C8%99iere\/Minister\/2022\/inv.%20preuniversitar\/note_proceduri\/Anexa_Cerere_Procedura_egalizare_sanse_examene_nationale_2023.pdf\" target=\"_blank\" rel=\"noopener\"><em>Model cerere<\/em><\/a><\/strong>\u00a0(va\u00a0fi completat\u0103 de p\u0103rinte\/tutore\/reprezentant legal al elevei\/elevului\/candidatei\/candidatului)<\/p>\n<\/li>\n<\/ul>\n<\/li>\n<\/ul>\n<p>&nbsp;<\/p>\n<p>&nbsp;<\/p>\n<p class=\"rtejustify\"><strong>Evaluarea Na\u021bional\u0103 pentru elevii clasei a VIII-a<\/strong>\u00a0(<strong>EN VIII<\/strong>) reprezint\u0103\u00a0modalitatea de evaluare extern\u0103\u00a0sumativ\u0103\u00a0a competen\u021belor dob\u00e2ndite pe parcursul \u00eenv\u0103\u021b\u0103m\u00e2ntului gimnazial. Examenul se desfa\u0219oar\u0103, anual, \u00eentr-o singur\u0103 sesiune. At\u00e2t candida\u021bii proveni\u021bi din \u00eenv\u0103\u021b\u0103m\u00e2ntul de stat, c\u00e2t \u0219i cei din \u00eenv\u0103\u021b\u0103m\u00e2ntul particular au dreptul sa sus\u021bin\u0103 examenul\u00a0f\u0103r\u0103\u00a0tax\u0103.<\/p>\n<ul>\n<li>\n<p class=\"rtejustify\"><a href=\"https:\/\/www.edu.ro\/sites\/default\/files\/_fi%C8%99iere\/Legislatie\/2021\/Ordin%205.149_2021%20EN%20VIII_2022.pdf\" target=\"_self\" rel=\"noopener\"><strong>Metodologie de organizare \u0219i desf\u0103\u0219urare a examenului<\/strong><\/a>\u00a0\u00een<strong>\u00a0anul \u0219colar 2021 &#8211; 2022 (aprobat\u0103 prin ordinul de ministru nr,\u00a05.149\/30.08.2021)<\/strong><\/p>\n<\/li>\n<li>\n<p class=\"rtejustify\"><strong>Calendar examen 2022\u00a0<\/strong><\/p>\n<\/li>\n<\/ul>\n<p class=\"rtejustify\"><a href=\"https:\/\/www.edu.ro\/sites\/default\/files\/_imagini\/agenda_evenimente\/2021\/calendar%20EN%20VIII_2022.PNG\"><img loading=\"lazy\" decoding=\"async\" src=\"https:\/\/www.edu.ro\/sites\/default\/files\/_imagini\/agenda_evenimente\/2021\/calendar%20EN%20VIII_2022.PNG\" alt=\"\" width=\"500\" height=\"400\" \/><\/a><\/p>\n<p>Media ob\u021binut\u0103 la EN VIII este un criteriu esen\u021bial\u00a0pentru admiterea \u00een \u00eenv\u0103\u021b\u0103m\u00e2ntul liceal.<\/p>\n<p>Coordonarea la nivel na\u021bional a proiect\u0103rii, organiz\u0103rii \u0219i desf\u0103\u0219ur\u0103rii EN VIII, precum \u0219i valorificarea rezultatelor acestora sunt asigurate de Ministerul Educa\u021biei\u00a0prin Centrul Na\u021bional\u00a0de Politici \u0219i Evaluare \u00een Educa\u021bie (CNPEE).<\/p>\n<p>Coordonarea la nivel jude\u021bean\/al municipiului Bucure\u0219ti a organiz\u0103rii EN VIII, precum \u0219i valorificarea rezultatelor acestora sunt asigurate de c\u0103tre inspectoratele\u00a0\u0219colare jude\u021bene.<\/p>\n<p class=\"rtejustify\">Site-ul dedicat public\u0103rii\u00a0rezultatelor este<strong>\u00a0<a href=\"http:\/\/evaluare.edu.ro\" target=\"_blank\" rel=\"noopener\">http:\/\/evaluare.edu.ro<\/a><\/strong>.<\/p>\n","protected":false},"excerpt":{"rendered":"<p>[ultima actualizare: 29.10.2025] Evaluarea Na\u021bional\u0103 a absolven\u021bilor clasei a VIII-a\u00a0(EN VIII) reprezint\u0103\u00a0modalitatea de evaluare extern\u0103\u00a0sumativ\u0103\u00a0a competen\u021belor dob\u00e2ndite pe parcursul \u00eenv\u0103\u021b\u0103m\u00e2ntului gimnazial. Examenul se desfa\u0219oar\u0103, anual, \u00eentr-o singur\u0103 sesiune. Metodologia\u00a0de organizare \u0219i desf\u0103\u0219urare a examenului\u00a0\u00een\u00a0anul \u0219colar\u00a02025 &#8211;\u00a02026 \u0219i calendarul aferent\u00a0au fost aprobate\u00a0prin\u00a0ordinul de ministru nr. 6.058\/29.08.2025. PROCEDUR\u0102\u00a0cu privire\u00a0la asigurarea condi\u021biilor de egalizare a \u0219anselor pentru elevii&hellip; <a class=\"continue\" href=\"https:\/\/cngcmotru.ro\/index.php\/examene\/evaluarea-nationala-a-elevilor-de-clasa-a-viii-a-en-viii\/\">Continua<span> Evaluarea Na\u021bional\u0103 a elevilor de clasa a VIII-a (EN VIII)<\/span><\/a><\/p>\n","protected":false},"author":1,"featured_media":184,"parent":103,"menu_order":0,"comment_status":"closed","ping_status":"closed","template":"","meta":{"footnotes":""},"class_list":["post-167","page","type-page","status-publish","has-post-thumbnail","hentry"],"_links":{"self":[{"href":"https:\/\/cngcmotru.ro\/index.php\/wp-json\/wp\/v2\/pages\/167","targetHints":{"allow":["GET"]}}],"collection":[{"href":"https:\/\/cngcmotru.ro\/index.php\/wp-json\/wp\/v2\/pages"}],"about":[{"href":"https:\/\/cngcmotru.ro\/index.php\/wp-json\/wp\/v2\/types\/page"}],"author":[{"embeddable":true,"href":"https:\/\/cngcmotru.ro\/index.php\/wp-json\/wp\/v2\/users\/1"}],"replies":[{"embeddable":true,"href":"https:\/\/cngcmotru.ro\/index.php\/wp-json\/wp\/v2\/comments?post=167"}],"version-history":[{"count":6,"href":"https:\/\/cngcmotru.ro\/index.php\/wp-json\/wp\/v2\/pages\/167\/revisions"}],"predecessor-version":[{"id":627,"href":"https:\/\/cngcmotru.ro\/index.php\/wp-json\/wp\/v2\/pages\/167\/revisions\/627"}],"up":[{"embeddable":true,"href":"https:\/\/cngcmotru.ro\/index.php\/wp-json\/wp\/v2\/pages\/103"}],"wp:featuredmedia":[{"embeddable":true,"href":"https:\/\/cngcmotru.ro\/index.php\/wp-json\/wp\/v2\/media\/184"}],"wp:attachment":[{"href":"https:\/\/cngcmotru.ro\/index.php\/wp-json\/wp\/v2\/media?parent=167"}],"curies":[{"name":"wp","href":"https:\/\/api.w.org\/{rel}","templated":true}]}}