{"id":2,"date":"2022-01-06T10:40:26","date_gmt":"2022-01-06T10:40:26","guid":{"rendered":"https:\/\/cngcmotru.ro\/?page_id=2"},"modified":"2025-03-04T10:50:19","modified_gmt":"2025-03-04T10:50:19","slug":"sample-page","status":"publish","type":"page","link":"https:\/\/cngcmotru.ro\/","title":{"rendered":"Noi"},"content":{"rendered":"<h4>\u00cenfiin\u0163at \u00een anul 2000, Colegiul Na\u0163ional \u201cGeorge Co\u015fbuc\u201d,\u00a0 completeaz\u0103 orizontul \u00eenv\u0103\u0163\u0103m\u00e2ntului motrean cu o institu\u0163ie \u015fcolar\u0103 care se dore\u015fte o alternativ\u0103 la orientarea tehnic\u0103 \u015fi industrial\u0103 a obiectivelor regionale, prin situarea perspectivei educa\u0163ionale \u00een zona performan\u0163ei, a competitivit\u0103\u0163ii, a valorific\u0103rii poten\u0163ialului intelectual, \u00een scopul form\u0103rii unor tineri deschi\u015fi spre inova\u0163ie, cu bogate resurse de adaptabilitate la o societate modern\u0103, aflat\u0103 \u00een continu\u0103 schimbare, cu disponibilit\u0103\u0163i creatoare, cuno\u015ftin\u0163e \u015ftiin\u0163ifice solide \u015fi viziune optimist\u0103 asupra viitorului.<\/h4>\n","protected":false},"excerpt":{"rendered":"<p>\u00cenfiin\u0163at \u00een anul 2000, Colegiul Na\u0163ional \u201cGeorge Co\u015fbuc\u201d,\u00a0 completeaz\u0103 orizontul \u00eenv\u0103\u0163\u0103m\u00e2ntului motrean cu o institu\u0163ie \u015fcolar\u0103 care se dore\u015fte o alternativ\u0103 la orientarea tehnic\u0103 \u015fi industrial\u0103 a obiectivelor regionale, prin situarea perspectivei educa\u0163ionale \u00een zona performan\u0163ei, a competitivit\u0103\u0163ii, a valorific\u0103rii poten\u0163ialului intelectual, \u00een scopul form\u0103rii unor tineri deschi\u015fi spre inova\u0163ie, cu bogate resurse de adaptabilitate&hellip; <a class=\"continue\" href=\"https:\/\/cngcmotru.ro\/\">Continua<span> Noi<\/span><\/a><\/p>\n","protected":false},"author":1,"featured_media":0,"parent":0,"menu_order":0,"comment_status":"closed","ping_status":"open","template":"","meta":{"footnotes":""},"class_list":["post-2","page","type-page","status-publish","hentry"],"_links":{"self":[{"href":"https:\/\/cngcmotru.ro\/index.php\/wp-json\/wp\/v2\/pages\/2","targetHints":{"allow":["GET"]}}],"collection":[{"href":"https:\/\/cngcmotru.ro\/index.php\/wp-json\/wp\/v2\/pages"}],"about":[{"href":"https:\/\/cngcmotru.ro\/index.php\/wp-json\/wp\/v2\/types\/page"}],"author":[{"embeddable":true,"href":"https:\/\/cngcmotru.ro\/index.php\/wp-json\/wp\/v2\/users\/1"}],"replies":[{"embeddable":true,"href":"https:\/\/cngcmotru.ro\/index.php\/wp-json\/wp\/v2\/comments?post=2"}],"version-history":[{"count":7,"href":"https:\/\/cngcmotru.ro\/index.php\/wp-json\/wp\/v2\/pages\/2\/revisions"}],"predecessor-version":[{"id":511,"href":"https:\/\/cngcmotru.ro\/index.php\/wp-json\/wp\/v2\/pages\/2\/revisions\/511"}],"wp:attachment":[{"href":"https:\/\/cngcmotru.ro\/index.php\/wp-json\/wp\/v2\/media?parent=2"}],"curies":[{"name":"wp","href":"https:\/\/api.w.org\/{rel}","templated":true}]}}