{"id":216,"date":"2022-04-07T09:48:01","date_gmt":"2022-04-07T09:48:01","guid":{"rendered":"https:\/\/cngcmotru.ro\/?page_id=216"},"modified":"2026-04-06T07:44:14","modified_gmt":"2026-04-06T07:44:14","slug":"inscriere-in-invatamantul-primar-2022","status":"publish","type":"page","link":"https:\/\/cngcmotru.ro\/index.php\/inscriere-in-invatamantul-primar-2022\/","title":{"rendered":"\u00a0\u00a0\u00ceNSCRIEREA \u00ceN \u00ceNV\u0102\u021a\u0102M\u00c2NTUL PRIMAR"},"content":{"rendered":"<h3 id=\"page-title\" class=\"title\">\u00censcrierea \u00een \u00eenv\u0103\u021b\u0103m\u00e2ntul primar 2026 &#8211; 2027 || Cele mai frecvente \u00eentreb\u0103ri &amp; r\u0103spunsuri<\/h3>\n<p class=\"rtejustify\"><i><a href=\"https:\/\/cngcmotru.ro\/wp-content\/uploads\/2026\/03\/PLAN-SC.-CLASA-PREGATITOARE-2026-2027.pdf\">PLAN SC. CLASA PREGATITOARE 2026-2027<\/a><\/i><\/p>\n<p><strong>Aplicatia de inscriere 2026-2027<\/strong>\u00a0<a href=\"https:\/\/inscriere.edu.ro\/cerere\/\">https:\/\/inscriere.edu.ro\/cerere\/<\/a><\/p>\n<p class=\"rtejustify\">***<\/p>\n<p class=\"rtejustify\"><strong>Reg\u0103si\u021bi mai jos,\u00a0<em>\u00een\u00a0format\u00a0\u00eentrebare &#8211; r\u0103spuns<\/em>, sinteza principalelor elemente cuprinse \u00een calendarul \u0219i metodologia-cadru pentru \u00eenscrierea copiilor \u00een \u00eenv\u0103\u0163\u0103m\u00e2ntul primar \u00een anul \u015fcolar 2026 &#8211; 2027.<\/strong><\/p>\n<p class=\"rtejustify\"><strong>\u25ba CINE SE POATE \u00ceNSCRIE \u00ceN CLASA PREG\u0102TITOARE?<\/strong><\/p>\n<blockquote>\n<p class=\"rtejustify\"><strong>Copiii care \u00eemplinesc v\u00e2rsta de 6 ani p\u00e2n\u0103 la 31 august 2026, inclusiv.<\/strong><\/p>\n<p class=\"rtejustify\"><strong>Copiii care \u00eemplinesc v\u00e2rsta de 6 ani \u00een perioada 1 septembrie &#8211; 31 decembrie 2026, \u00een baza recomand\u0103rii\u00a0 pentru \u00eenscrierea \u00een \u00eenv\u0103\u021b\u0103m\u00e2ntul primar<\/strong>\u00a0(eliberat\u0103 de unit\u0103\u021bile de \u00eenv\u0103\u021b\u0103m\u00e2nt cu nivel pre\u0219colar) sau\u00a0<strong>\u00een\u00a0baza\u00a0<\/strong><strong>evalu\u0103rii\u00a0<\/strong><strong>Centrului Jude\u0163ean de Resurse \u015fi Asisten\u0163\u0103 Educa\u0163ional\u0103\/Centrului Municipiului Bucure\u0219ti de Resurse \u0219i Asisten\u021b\u0103 Educa\u021bional\u0103 (CJRAE\/CMBRAE)<\/strong>, dup\u0103 caz;<\/p>\n<\/blockquote>\n<p class=\"rtejustify\"><strong>\u25ba\u00a0CUI SE ADRESEAZ\u0102 EVALUAREA CJRAE\/CMBRAE?<\/strong><\/p>\n<blockquote>\n<p class=\"rtejustify\">&#8211; copiilor care nu au frecventat gr\u0103dini\u021ba;<\/p>\n<p class=\"rtejustify\">&#8211; copiilor\u00a0care s-au \u00eentors din str\u0103in\u0103tate.<\/p>\n<\/blockquote>\n<p class=\"rtejustify\"><strong>\u25ba\u00a0C\u00c2ND \u0218I UNDE SE REALIZEAZ\u0102\u00a0EVALUAREA COPIILOR?<\/strong><\/p>\n<blockquote>\n<p class=\"rtejustify\">Evaluarea\u00a0copiilor de c\u0103tre CJRAE\/CMBRAE este programat\u0103 \u00een perioada\u00a0<strong>16 &#8211;\u00a030 martie 2026.<\/strong><\/p>\n<p class=\"rtejustify\">Evaluarea se face at\u00e2t la sediul CJRAE\/CMBRAE, c\u00e2t \u015fi \u00een diferite centre din\u00a0jude\u0163\/municipiul\u00a0Bucure\u015fti, cu prioritate \u00een gr\u0103dini\u0163e.<\/p>\n<p class=\"rtejustify\"><strong>Pentru copiii care au frecventat gr\u0103dini\u021ba sunt necesare:<\/strong><\/p>\n<p class=\"rteindent1 rtejustify\">&#8211; \u00eenregistrarea cererilor transmise\/depuse la unit\u0103\u021bile de \u00eenv\u0103\u021b\u0103m\u00e2nt cu nivel pre\u0219colar pentru ob\u021binerea recomand\u0103rii de \u00eenscriere \u00een clasa preg\u0103titoare;<\/p>\n<p class=\"rteindent1 rtejustify\">&#8211; eliberarea\/transmiterea c\u0103tre p\u0103rinte de c\u0103tre unitatea de \u00eenv\u0103\u021b\u0103m\u00e2nt cu nivel pre\u0219colar a recomand\u0103rii de \u00eenscriere \u00een clasa preg\u0103titoare sau \u00een grupa mare, dup\u0103 caz.<\/p>\n<p class=\"rtejustify\"><strong>Pentru copiii care nu au frecventat gr\u0103dini\u021ba sau au revenit din str\u0103in\u0103tate sunt necesare:<\/strong><\/p>\n<p class=\"rteindent1 rtejustify\">&#8211; \u00eenregistrarea de c\u0103tre CJRAE\/CMBRAE a cererilor de evaluare, depuse\/transmise de p\u0103rin\u021bi pentru copiii care \u00eendeplinesc condi\u021biile prev\u0103zute la art. 5 alin. (2) \u0219i art. 6 (1) din Metodologia de \u00eenscriere a copiilor \u00een \u00eenv\u0103\u021b\u0103m\u00e2ntul primar, aprobat\u0103 prin Ordinul ministrului educa\u021biei nr. 4.019\/2024;<\/p>\n<p class=\"rteindent1 rtejustify\">&#8211; planificarea de c\u0103tre CJRAE\/CMBRAE a organiz\u0103rii evalu\u0103rii, afi\u0219area \u0219i comunicarea program\u0103rii pentru participarea la evaluare;<\/p>\n<p class=\"rteindent1 rtejustify\">&#8211; desf\u0103\u0219urarea evalu\u0103rii copiilor de c\u0103tre CJRAE\/CMBRAE;<\/p>\n<p class=\"rteindent1 rtejustify\">&#8211; eliberarea\/transmiterea c\u0103tre p\u0103rinte de c\u0103tre CJRAE\/CMBRAE a recomand\u0103rii de \u00eenscriere \u00een clasa preg\u0103titoare sau \u00een grupa mare, dup\u0103 caz;<\/p>\n<p class=\"rteindent1 rtejustify\">&#8211; solu\u021bionarea de c\u0103tre Comisia jude\u021bean\u0103\/a municipiului Bucure\u0219ti de \u00eenscriere a copiilor \u00een \u00eenv\u0103\u021b\u0103m\u00e2ntul primar (Comisia jude\u021bean\u0103\/a municipiului Bucure\u0219ti) a situa\u021biilor excep\u021bionale care necesit\u0103 am\u00e2narea \u00eenscrierii \u00een \u00eenv\u0103\u021b\u0103m\u00e2ntul primar.<\/p>\n<p class=\"rteindent1 rtejustify\"><strong>NOT\u0102:<\/strong>\u00a0\u00cen cazuri justificate, la cererea scris\u0103 a p\u0103rin\u021bilor\/reprezentantului legal,\u00a0<strong>adresat\u0103 \u00een perioada 16 &#8211; 30 martie 2026<\/strong>,\u00a0Comisiei jude\u0163ene\/a municipiului Bucure\u015fti,\u00a0\u00eenscrierea \u00een clasa preg\u0103titoare a copiilor care \u00eemplinesc v\u00e2rsta de 6 ani p\u00e2n\u0103 la data de 31 august\u00a0 poate fi am\u00e2nat\u0103 cu maximum un an.<\/p>\n<\/blockquote>\n<p class=\"rtejustify\"><strong>\u25ba\u00a0LA CE UNITATE DE \u00ceNV\u0102\u0162\u0102M\u00c2NT POATE FI \u00ceNSCRIS UN COPIL?<\/strong><\/p>\n<blockquote>\n<p class=\"rtejustify\">P\u0103rintele poate opta:<\/p>\n<p class=\"rtejustify\">1. pentru \u00eenscrierea la \u015fcoala de circumscrip\u0163ie:<strong>\u00a0\u00een aceast\u0103 situa\u0163ie, copilul este automat \u00eenscris<\/strong>, \u00een baza valid\u0103rii cererii de \u00eenscriere;<\/p>\n<p class=\"rtejustify\">2. pentru o unitate de \u00eenv\u0103\u0163\u0103m\u00e2nt, alta dec\u00e2t \u015fcoala de circumscrip\u0163ie:\u00a0<strong>\u00een aceast\u0103 situa\u0163ie, copilul este \u00eenscris \u00een limita locurilor libere \u015fi, dac\u0103 este cazul, pe baza criteriilor generale \u015fi, ulterior, a criteriilor\u00a0specifice de departajare<\/strong>.<\/p>\n<p class=\"rteindent1 rtejustify\"><strong>NOT\u0102:<\/strong>\u00a0P\u0103rintele poate solicita, prin bifarea \u00een cererea-tip de \u00eenscriere, ca locul la \u015fcoala de circumscrip\u0163ie s\u0103 fie rezervat pentru eventualitatea \u00een care copilul nu este \u00eenscris la unitatea de \u00eenv\u0103\u0163\u0103m\u00e2nt pentru care p\u0103rintele a f\u0103cut op\u0163iunea, din lips\u0103 de locuri libere.<\/p>\n<\/blockquote>\n<p class=\"rtejustify\"><strong>\u25ba\u00a0UNDE VOR AVEA LOC \u00ceNSCRIERILE?<\/strong><\/p>\n<blockquote>\n<p class=\"rtejustify\">La unitatea de \u00eenv\u0103\u0163\u0103m\u00e2nt la care p\u0103rintele dore\u015fte \u00eenscrierea copilului.<\/p>\n<p class=\"rtejustify\">Cererile-tip de \u00eenscriere pot fi completate \u015fi validate direct la unitatea de \u00eenv\u0103\u0163\u0103m\u00e2nt la care p\u0103rintele dore\u015fte \u00eenscrierea copilului.<\/p>\n<p class=\"rtejustify\"><strong>Cererile-tip de \u00eenscriere pot fi completate \u015fi online pe\u00a0<\/strong><a href=\"https:\/\/inscriere.edu.ro\/\" target=\"_blank\" rel=\"noopener\"><strong>site-ul dedicat<\/strong><\/a>, dar dup\u0103 completarea acestora,\u00a0<strong>p\u0103rin\u021bii trebuie s\u0103 mearg\u0103 la unitatea de \u00eenv\u0103\u0163\u0103m\u00e2nt pentru\u00a0care doresc \u00eenscrierea copilului \u00een vederea valid\u0103rii cererii<\/strong>.<\/p>\n<\/blockquote>\n<p class=\"rtejustify\"><strong>\u25ba\u00a0CARE SUNT ACTELE NECESARE PENTRU \u00ceNSCRIERE?<\/strong><\/p>\n<blockquote>\n<p class=\"rtejustify\"><strong>Cerere-tip de \u00eenscriere;<\/strong><\/p>\n<p class=\"rtejustify\">Copie \u015fi original dup\u0103 actul de identitate al p\u0103rintelui\/tutorelui legal. P\u0103rin\u021bii divor\u021ba\u021bi depun la \u00eenscriere \u0219i hot\u0103r\u00e2rea judec\u0103toreasc\u0103 definitiv\u0103 din care rezult\u0103 modul \u00een care se exercit\u0103 autoritatea p\u0103rinteasc\u0103 \u0219i unde a fost stabilit\u0103 locuin\u021ba minorului;<\/p>\n<p class=\"rtejustify\">Copie \u015fi original &#8211; certificat de na\u015ftere copil;<\/p>\n<p class=\"rtejustify\">Recomandarea de \u00eenscriere \u00een clasa preg\u0103titoare\u00a0(acolo unde este cazul).<\/p>\n<p class=\"rtejustify\">Alte documente care s\u0103 ateste \u00eendeplinirea criteriilor generale \u015fi\/sau specifice (acolo unde este cazul).<\/p>\n<\/blockquote>\n<p class=\"rtejustify\"><strong>\u25ba\u00a0CARE ESTE CALENDARUL DE COMPLETARE\/DEPUNERE A CERERILOR?<\/strong><\/p>\n<blockquote>\n<p class=\"rtejustify\">\u00cen perioada 31 martie &#8211; 6 mai 2026, p\u0103rin\u021bii\/tutorii legal institui\u021bi\/reprezentan\u021bii legali vor completa cererile-tip de \u00eenscriere online sau la unitatea de \u00eenv\u0103\u021b\u0103m\u00e2nt la care solicit\u0103 \u00eenscrierea copiilor. De asemenea, \u00een aceea\u0219i perioad\u0103, vor fi depuse\/transmise cererile-tip de \u00eenscriere la unitatea de \u00eenv\u0103\u021b\u0103m\u00e2nt la care solicit\u0103 \u00eenscrierea copiilor, inclusiv a recomand\u0103rii de \u00eenscriere \u00een clasa preg\u0103titoare, dup\u0103 caz, respectiv a declara\u021biei pe propria r\u0103spundere \u0219i a documentelor necesare \u00een copie simpl\u0103.<\/p>\n<\/blockquote>\n<p class=\"rtejustify\"><strong>\u25ba\u00a0C\u00c2ND \u0218I UNDE VOR FI AFI\u0218ATE LISTA ELEVILOR \u00ceNSCRI\u0218I \u0218I LISTA LOCURILOR LIBERE?<\/strong><\/p>\n<p class=\"rtejustify\"><strong>21 mai (pentru prima etap\u0103 de \u00eenscriere):\u00a0<\/strong>afi\u0219area \u00een unit\u0103\u021bile de \u00eenv\u0103\u021b\u0103m\u00e2nt \u0219i pe site-ul inspectoratului \u0219colar a candida\u021bilor \u00eenmatricula\u021bi \u0219i a num\u0103rului de locuri r\u0103mase libere<\/p>\n<p class=\"rtejustify\"><strong>16 iunie (pentru a doua etap\u0103 de \u00eenscriere):<\/strong>\u00a0afi\u0219area \u00een fiecare unitate de \u00eenv\u0103\u021b\u0103m\u00e2nt a listelor finale ale copiilor \u00eenscri\u0219i \u00een clasa preg\u0103titoare.<\/p>\n<p class=\"rtejustify\"><strong>\u25ba\u00a0CARE SUNT CRITERIILE DE DEPARTAJARE PE CARE \u015eCOLILE LE APLIC\u0102 DAC\u0102 NUM\u0102RUL DE COPII ESTE SUPERIOR NUM\u0102RULUI DE LOCURI?<\/strong><\/p>\n<blockquote>\n<p class=\"rtejustify\"><strong>I.\u00a0Criterii generale:<\/strong><\/p>\n<p class=\"rteindent1 rtejustify\">a) existen\u021ba unui certificat medical de \u00eencadrare \u00een grad de handicap a copilului;<\/p>\n<p class=\"rteindent1 rtejustify\">b) existen\u021ba unui document care dovede\u0219te c\u0103 este orfan de ambii p\u0103rin\u021bi. Situa\u021bia copilului care provine de la o cas\u0103 de copii\/un centru de plasament\/plasament familial se asimileaz\u0103 situa\u021biei copilului orfan de ambii p\u0103rin\u021bi;<\/p>\n<p class=\"rteindent1 rtejustify\">c) existen\u021ba unui document care dovede\u0219te c\u0103 este orfan de un singur p\u0103rinte;<\/p>\n<p class=\"rteindent1 rtejustify\">d) existen\u021ba unui frate\/a unei surori \u00eenmatriculat\/\u00eenmatriculate \u00een unitatea de \u00eenv\u0103\u021b\u0103m\u00e2nt respectiv\u0103.<\/p>\n<p class=\"rtejustify\"><strong>II.\u00a0Criterii specifice:<\/strong><\/p>\n<p class=\"rteindent1 rtejustify\">Sunt aplicate dup\u0103 aplicarea criteriilor generale \u015fi numai dac\u0103 acestea nu asigur\u0103 departajarea \u00eentre copii, cu excep\u0163ia situa\u0163iilor prev\u0103zute de\u00a0<em>metodologie<\/em>.<\/p>\n<p class=\"rteindent1 rtejustify\">Sunt elaborate de c\u0103tre fiecare unitate de \u00eenv\u0103\u0163\u0103m\u00e2nt \u00een parte, dar sunt aplicate pe baza unor documente doveditoare, prezentate de c\u0103tre p\u0103rin\u0163i\/tutori legali \u015fi nu pot fi discriminatorii, respectiv trebuie s\u0103 \u0163in\u0103 cont de faptul c\u0103 to\u0163i copiii au drepturi egale, indiferent de condi\u0163ia social\u0103, financiar\u0103, indiferent de na\u0163ionalitate, ras\u0103, religie, confesiune, sex etc.<\/p>\n<\/blockquote>\n<p class=\"rtejustify\"><strong>\u25ba\u00a0DE UNDE \u00ce\u015eI POT PROCURA P\u0102RIN\u0162II INFORMA\u0162II?<\/strong><\/p>\n<blockquote>\n<p class=\"rteindent1 rtejustify\"><strong>* Internet:<\/strong>\u00a0pe paginile proprii de web, inspectoratele \u015fcolare generale vor crea o sec\u0163iune numit\u0103\u00a0<strong>\u00censcrierea \u00een \u00eenv\u0103\u0163\u0103m\u00e2ntul primar 2026,\u00a0<\/strong>vizibil\u0103 &amp;accesibil\u0103 de pe prima pagin\u0103.<\/p>\n<p class=\"rteindent1 rtejustify\"><strong>* Direct de la \u015fcoli<\/strong>.<\/p>\n<p class=\"rteindent1 rtejustify\">* Prin intermediul liniilor telverde, instituite la nivelul inspectoratelor \u0219colare<strong>.<\/strong><\/p>\n<\/blockquote>\n<p class=\"rtejustify\"><strong>\u25ba\u00a0EXIST\u0102 SUFICIENTE LOCURI PENTRU COPII \u00ceN CLASA PREG\u0102TITOARE?<\/strong><\/p>\n<blockquote>\n<p class=\"rtejustify\">Fiecare copil are un loc asigurat \u00een clasa preg\u0103titoare. Num\u0103rul de locuri alocat prin cifra de \u015fcolarizare pentru clasa preg\u0103titoare este mai mare dec\u00e2t num\u0103rul copiilor.<\/p>\n<\/blockquote>\n<p>&nbsp;<\/p>\n<p class=\"rtejustify\">[<em>Ultima actualizare a paginii: 07.03.2025<\/em>]<\/p>\n<ul>\n<li>\n<p class=\"rtejustify\"><strong><a href=\"https:\/\/legislatie.just.ro\/Public\/DetaliiDocument\/295169\" target=\"_blank\" rel=\"noopener\">Ordin\u00a0nr. 3.435\/28.02.2025<\/a>\u00a0privind aprobarea Calendarului \u00eenscrierii \u00een \u00eenv\u0103\u021b\u0103m\u00e2ntul primar pentru anul \u0219colar 2025 &#8211; 2026<\/strong><\/p>\n<\/li>\n<li>\n<p class=\"rtejustify\"><strong>\u00censcrierea \u00een \u00eenv\u0103\u021b\u0103m\u00e2ntul primar 2025\u00a0&#8211; 2026:\u00a0<a href=\"https:\/\/www.edu.ro\/intrebari_raspunsuri_inscriere_invatamant_primar\" target=\"_blank\" rel=\"noopener\">Cele mai frecvente \u00eentreb\u0103ri &amp; r\u0103spunsuri<\/a><\/strong><\/p>\n<\/li>\n<li>\n<p class=\"rtejustify\"><strong><a href=\"https:\/\/www.edu.ro\/sites\/default\/files\/_fi%C8%99iere\/Legislatie\/2024\/OM_4019_2024.pdf\" target=\"_top\">Metodologia-cadru de \u00eenscriere<\/a>\u00a0<\/strong>(aprobat\u0103\u00a0prin ordinul de ministru nr. 4.019\/2024)<\/p>\n<\/li>\n<\/ul>\n<p class=\"rtecenter\">***<\/p>\n<p class=\"rtejustify\">\u00censcrierea \u00een \u00eenv\u0103\u021b\u0103m\u00e2ntul primar se face \u00een baza metodologiei specifice, aprobat\u0103\u00a0de Ministerul Educa\u021biei.<\/p>\n<p class=\"rtejustify\">Astfel,\u00a0<strong>copiii\u00a0care \u00eemplinesc v\u00e2rsta de 6 ani p\u00e2n\u0103 la data de 31 august 2024,\u00a0inclusiv<\/strong>, trebuie s\u0103 fie \u00eenscri\u0219i \u00een clasa preg\u0103titoare, \u00een conformitate cu prevederile legii nr. 198\/2023, cu modific\u0103rile \u0219i complet\u0103rile ulterioare.<\/p>\n<p class=\"rtejustify\">La sediile inspectoratelor \u0219colare jude\u021bene \u0219i la avizierele sau pe site-urile (dac\u0103 exist\u0103)\u00a0unit\u0103\u021bilor de \u00eenv\u0103\u021b\u0103m\u00e2nt trebuie afi\u0219ate listele cu circumscrip\u021biile \u0219colare, iar p\u0103rin\u021bii trebuie informa\u021bi cu privire la con\u021binutul activit\u0103\u021bilor educa\u021bionale care se desf\u0103\u0219oar\u0103 \u00een\u00a0clasa preg\u0103titoare, la abordarea didactic\u0103, la organizarea programului \u0219colar\u00a0etc.<\/p>\n<p class=\"rtejustify\"><strong>P\u0103rin\u021bii ai c\u0103ror copii \u00eemplinesc \u00een anul curent v\u00e2rsta de 6 ani \u00een perioada 1 septembrie &#8211; 31 decembrie, inclusiv, pot s\u0103 \u00ee\u0219i \u00eenscrie copiii \u00een \u00eenv\u0103\u021b\u0103m\u00e2ntul primar, \u00een clasa preg\u0103titoare, dac\u0103 nivelul lor de dezvoltare este corespunz\u0103tor.<\/strong><\/p>\n<p class=\"rtejustify\">Toate unit\u0103\u021bile de \u00eenv\u0103\u021b\u0103m\u00e2nt au obliga\u021bia de a oferi informa\u021bii referitoare la procedura de \u00eenscriere a copiilor \u00een \u00eenv\u0103\u021b\u0103m\u00e2ntul primar, indiferent dac\u0103 p\u0103rin\u021bii fac parte sau nu din circumscrip\u021bia respectiv\u0103.<\/p>\n<h3><strong>\u00ceNSCRIERE \u00ceN \u00ceNV\u0102\u021a\u0102M\u00c2NTUL PRIMAR 2024<\/strong><\/h3>\n<h3><span style=\"color: #ff0000;\"><a style=\"color: #ff0000;\" href=\"https:\/\/cngcmotru.ro\/wp-content\/uploads\/2024\/05\/Lista-admisi-etapa-I.pdf\"><img loading=\"lazy\" decoding=\"async\" class=\"\" src=\"https:\/\/cngcmotru.ro\/wp-content\/uploads\/2023\/03\/new.jpg\" width=\"65\" height=\"52\" \/><span style=\"color: #000000;\">\u00a0Lista copiilor admi\u0219i etapa I<\/span><\/a><\/span><\/h3>\n<h3><span style=\"color: #000000;\"><a style=\"color: #000000;\" href=\"https:\/\/cngcmotru.ro\/wp-content\/uploads\/2024\/05\/Lista-locuri-libere-dupa-etapa-I.pdf\">\u21d2Lista locuri libere -dupa etapa I<\/a><\/span><\/h3>\n<h3><a href=\"https:\/\/cngcmotru.ro\/wp-content\/uploads\/2024\/03\/Anunt-important-inscriere-invatamant-primar-2024.pdf\">Anun\u021b important \u00eenscriere \u00eenv\u0103\u021b\u0103m\u00e2nt primar 2024<\/a><\/h3>\n<h3><a href=\"https:\/\/cngcmotru.ro\/wp-content\/uploads\/2024\/03\/Circumscriptii-scolare.pdf\">Circumscriptii-scolare 2024<\/a><\/h3>\n<h3><a href=\"https:\/\/cngcmotru.ro\/wp-content\/uploads\/2024\/03\/Metodologie-de-inscriere-a-copiiilor-in-invatamantul-primar.pdf\">Metodologie-de-inscriere-a-copiiilor-in-invatamantul-primar 2024 \u0219i calendar<\/a><\/h3>\n<h2><strong>\u00ceNSCRIERE \u00ceN \u00ceNV\u0102\u021a\u0102M\u00c2NTUL PRIMAR 2023<\/strong><\/h2>\n<ul>\n<li><a href=\"https:\/\/www.isjgorj.ro\/wp-content\/uploads\/2023\/03\/202303140903-Ordin_3445_2022_metodologie_calendar_pregatitoare.pdf\" rel=\"attachment wp-att-18729\">Ordin 3445\/2022-metoologie_calendar_pregatitoare<\/a><\/li>\n<li><a href=\"https:\/\/www.isjgorj.ro\/wp-content\/uploads\/2023\/03\/202303140904-Anexe-la-Metodologia-de-inscriere-CP_2023_2024.pdf\" rel=\"attachment wp-att-18730\">Anexe la Metodologia de inscriere CP_2023_2024<\/a><\/li>\n<li><a href=\"https:\/\/www.isjgorj.ro\/wp-content\/uploads\/2023\/03\/202303140905-CERERE-TIP_CLS_PRG_2023_ETAPA_I.pdf\" rel=\"attachment wp-att-18731\">CERERE-TIP_CLS_PRG_2023_ETAPA_I<\/a><\/li>\n<li><a href=\"https:\/\/www.isjgorj.ro\/wp-content\/uploads\/2023\/03\/2.-inscriere-cp.pdf\" rel=\"attachment wp-att-18732\">Inscriere cp<\/a><\/li>\n<li><a href=\"https:\/\/www.isjgorj.ro\/wp-content\/uploads\/2023\/03\/1-Informare-privind-amanarea-inscrierii-in-clasa-pregatitoare-1.docx\" rel=\"attachment wp-att-18733\">Informare privind am\u00e2narea \u00eenscrierii \u00een clasa preg\u0103titoare<\/a><\/li>\n<\/ul>\n<h2><strong>\u00a0 \u00a0 \u00a0 \u00a0 \u00a0\u00ceNSCRIERE \u00ceN \u00ceNV\u0102\u021a\u0102M\u00c2NTUL PRIMAR 2022<\/strong><\/h2>\n<ul>\n<li>\u00censcrierea \u00een \u00eenv\u0103\u021b\u0103m\u00e2ntul primar se face \u00een baza <a href=\"https:\/\/www.isjgorj.ro\/wp-content\/uploads\/2022\/03\/OME-3445_2022-Inscriere-invatamanrt-primar.pdf\">metodologiei specifice<\/a>, aprobat\u0103 de Ministerul Educa\u021biei.<\/li>\n<li>Astfel copiii, care \u00eemplinesc v\u00e2rsta de 6 ani p\u00e2n\u0103 la data de 31 august 2022, inclusiv, trebuie s\u0103 fie \u00eenscri\u0219i \u00een clasa preg\u0103titoare, \u00een conformitate cu prevederile Legii educa\u021biei na\u021bionale nr. 1\/2011.<\/li>\n<li>La sediile inspectoratelor \u0219colare jude\u021bene \u0219i la avizierele sau pe site-urile (dac\u0103 exist\u0103) unit\u0103\u021bilor de \u00eenv\u0103\u021b\u0103m\u00e2nt trebuie afi\u0219ate listele cu circumscrip\u021biile \u0219colare, iar p\u0103rin\u021bii trebuie informa\u021bi cu privire la con\u021binutul activit\u0103\u021bilor educa\u021bionale care se desf\u0103\u0219oar\u0103 \u00een clasa preg\u0103titoare, la abordarea didactic\u0103, la organizarea programului \u0219colar etc.<\/li>\n<li>Toate unit\u0103\u021bile de \u00eenv\u0103\u021b\u0103m\u00e2nt au obliga\u021bia de a oferi informa\u021bii referitoare la procedura de \u00eenscriere a copiilor \u00een \u00eenv\u0103\u021b\u0103m\u00e2ntul primar, indiferent dac\u0103 p\u0103rin\u021bii fac parte sau nu din circumscrip\u021bia respectiv\u0103.<\/li>\n<li><strong>Aten\u021bie!<\/strong>\u00a0Completarea\u00a0cererii de \u00eenscriere nu garanteaz\u0103 \u00eenscrierea copilului dumneavoastr\u0103 \u00een unitatea de \u00eenv\u0103\u021b\u0103m\u00e2nt \u0219i nu elimin\u0103 obligativitatea de a v\u0103 prezenta la unitatea de \u00eenv\u0103\u021b\u0103m\u00e2nt unde dori\u021bi \u00eenscrierea cu dosarul complet al copilului, \u00een vederea valid\u0103rii acesteia. Acest formular v\u0103 permite doar s\u0103 v\u0103 prezenta\u021bi la secretariatul \u0219colii cu datele copilului precompletate, scurt\u00e2nd timpul de a\u0219teptare al tuturor.<\/li>\n<li><a href=\"https:\/\/www.isjgorj.ro\/wp-content\/uploads\/2022\/03\/OME-3445_2022-Inscriere-invatamanrt-primar.pdf\" rel=\"attachment wp-att-16234\">OME 3445_2022 \u2013 Inscriere inva\u021b\u0103m\u00e2nt primar<\/a><\/li>\n<li><a href=\"https:\/\/www.isjgorj.ro\/wp-content\/uploads\/2022\/03\/Plan-de-scolarizare-clasa-pregatitoare-2022-2023-Gorj.pdf\" rel=\"attachment wp-att-16241\">Plan de \u0219colarizare- clasa pregatitoare-2022-2023-Gorj<\/a><\/li>\n<li><a href=\"https:\/\/www.isjgorj.ro\/wp-content\/uploads\/2022\/03\/Anexa-2.pdf\" rel=\"attachment wp-att-16298\">Anexa 2<\/a><\/li>\n<li><a href=\"https:\/\/www.isjgorj.ro\/wp-content\/uploads\/2022\/03\/arondari-2022-1.pdf\" rel=\"attachment wp-att-16307\">Circumscriptii scolare 2022<\/a><\/li>\n<\/ul>\n","protected":false},"excerpt":{"rendered":"<p>\u00censcrierea \u00een \u00eenv\u0103\u021b\u0103m\u00e2ntul primar 2026 &#8211; 2027 || Cele mai frecvente \u00eentreb\u0103ri &amp; r\u0103spunsuri PLAN SC. CLASA PREGATITOARE 2026-2027 Aplicatia de inscriere 2026-2027\u00a0https:\/\/inscriere.edu.ro\/cerere\/ *** Reg\u0103si\u021bi mai jos,\u00a0\u00een\u00a0format\u00a0\u00eentrebare &#8211; r\u0103spuns, sinteza principalelor elemente cuprinse \u00een calendarul \u0219i metodologia-cadru pentru \u00eenscrierea copiilor \u00een \u00eenv\u0103\u0163\u0103m\u00e2ntul primar \u00een anul \u015fcolar 2026 &#8211; 2027. \u25ba CINE SE POATE \u00ceNSCRIE \u00ceN&hellip; <a class=\"continue\" href=\"https:\/\/cngcmotru.ro\/index.php\/inscriere-in-invatamantul-primar-2022\/\">Continua<span> \u00a0\u00a0\u00ceNSCRIEREA \u00ceN \u00ceNV\u0102\u021a\u0102M\u00c2NTUL PRIMAR<\/span><\/a><\/p>\n","protected":false},"author":1,"featured_media":640,"parent":0,"menu_order":0,"comment_status":"closed","ping_status":"closed","template":"","meta":{"footnotes":""},"class_list":["post-216","page","type-page","status-publish","has-post-thumbnail","hentry"],"_links":{"self":[{"href":"https:\/\/cngcmotru.ro\/index.php\/wp-json\/wp\/v2\/pages\/216","targetHints":{"allow":["GET"]}}],"collection":[{"href":"https:\/\/cngcmotru.ro\/index.php\/wp-json\/wp\/v2\/pages"}],"about":[{"href":"https:\/\/cngcmotru.ro\/index.php\/wp-json\/wp\/v2\/types\/page"}],"author":[{"embeddable":true,"href":"https:\/\/cngcmotru.ro\/index.php\/wp-json\/wp\/v2\/users\/1"}],"replies":[{"embeddable":true,"href":"https:\/\/cngcmotru.ro\/index.php\/wp-json\/wp\/v2\/comments?post=216"}],"version-history":[{"count":17,"href":"https:\/\/cngcmotru.ro\/index.php\/wp-json\/wp\/v2\/pages\/216\/revisions"}],"predecessor-version":[{"id":668,"href":"https:\/\/cngcmotru.ro\/index.php\/wp-json\/wp\/v2\/pages\/216\/revisions\/668"}],"wp:featuredmedia":[{"embeddable":true,"href":"https:\/\/cngcmotru.ro\/index.php\/wp-json\/wp\/v2\/media\/640"}],"wp:attachment":[{"href":"https:\/\/cngcmotru.ro\/index.php\/wp-json\/wp\/v2\/media?parent=216"}],"curies":[{"name":"wp","href":"https:\/\/api.w.org\/{rel}","templated":true}]}}