{"id":290,"date":"2023-01-18T12:16:45","date_gmt":"2023-01-18T12:16:45","guid":{"rendered":"https:\/\/cngcmotru.ro\/?page_id=290"},"modified":"2025-09-26T04:52:10","modified_gmt":"2025-09-26T04:52:10","slug":"evaluari-nationale-la-finalul-claselor-a-ii-a-a-iv-a-si-a-vi-a-calendare-metodologie","status":"publish","type":"page","link":"https:\/\/cngcmotru.ro\/index.php\/examene\/evaluari-nationale-la-finalul-claselor-a-ii-a-a-iv-a-si-a-vi-a-calendare-metodologie\/","title":{"rendered":"Evalu\u0103ri na\u021bionale la finalul claselor a II-a, a IV-a \u0219i a VI-a (calendare + metodologie)"},"content":{"rendered":"<div class=\"field field-name-body field-type-text-with-summary field-label-hidden\">\n<div class=\"field-items\">\n<div class=\"field-item even\">\n<div class=\"field field-name-field-data-public-rii field-type-datetime field-label-above\">\n<div class=\"field-label\">Data public\u0103rii:<\/div>\n<div class=\"field-items\">\n<div class=\"field-item even\"><span class=\"date-display-single\">Miercuri, 24 Septembrie, 2025<\/span><\/div>\n<\/div>\n<\/div>\n<div class=\"field field-name-body field-type-text-with-summary field-label-hidden\">\n<div class=\"field-items\">\n<div class=\"field-item even\">\n<p class=\"rtejustify\"><strong>Metodologia de organizare \u0219i desf\u0103\u0219urare a evalu\u0103rilor na\u021bionale de la finalul claselor a II-a, a IV-a \u0219i a VI-a pentru anul \u0219colar 2025 &#8211;\u00a02026<\/strong>, aprobat\u0103 prin Ordinul de ministru nr.\u00a06.405\/23.09.2025 (transmis spre publicare \u00een Monitorul Oficial),\u00a0<strong>aduce\u00a0dou\u0103 inova\u021bii \u00een beneficiul copiilor.<\/strong><\/p>\n<p class=\"rtejustify\"><strong>Elementele de noutate \u00een raport cu anii anteriori\u00a0<\/strong>sunt reprezentate de:<\/p>\n<p class=\"rteindent1 rtejustify\"><strong>(1)\u00a0<\/strong>cerin\u021ba ca sarcinile de evaluare\/itemii testelor ce vor fi administrate elevilor afla\u021bi la finalul claselor a II-a, a IV-a \u0219i a VI-a s\u0103 vizeze mai accentuat aspecte concrete\u00a0(cuno\u0219tin\u021be, deprinderi, atitudini, valori),\u00a0aplicabile, conectate la via\u021ba de zi cu zi a elevilor;<\/p>\n<p class=\"rteindent1 rtejustify\"><strong>(2)<\/strong>\u00a0posibilitatea\u00a0de a extinde competen\u021bele evaluate pentru o relevan\u021b\u0103 curricular\u0103 mai mare.<\/p>\n<p class=\"rtejustify\">De asemenea, s-a accentuat rolul formativ al acestor evalu\u0103ri\u00a0prin impactul asupra \u0219colii \u0219i asupra\u00a0educa\u021biei personalizate la nivelul fiec\u0103rui copil (inclusiv cu implicarea p\u0103rin\u021bilor \u00een asimilarea comprehensiv\u0103 a\u00a0rezultatelor).<\/p>\n<p class=\"rtejustify\">Astfel, \u00een anul \u0219colar 2025 &#8211;\u00a02026, \u00een cadrul acestor evalu\u0103ri (EN II &#8211; IV &#8211; VI),\u00a0\u00een vederea realiz\u0103rii cerin\u021belor viz\u00e2nd aplicabilitatea \u00een via\u021ba de zi cu zi a elevilor, se piloteaz\u0103 itemi care vizeaz\u0103 competen\u021be de alfabetizare func\u021bional\u0103 cu aplica\u021bii practice, inclusiv din alte arii curriculare.\u00a0\u00cen acest mod,\u00a0evalu\u0103rile\u00a0vor reflecta noua abordare curricular\u0103\u00a0prin care subiectele vizeaz\u0103 \u0219i aspectele concrete ale aplic\u0103rii \u00een via\u021ba elevilor de zi cu zi a cuno\u0219tin\u021belor, deprinderilor, atitudinilor \u0219i\u00a0valorilor construite \u00een procesul de \u00eenv\u0103\u021bare.\u00a0<strong>Extinderea<\/strong>, prin evaluare\/testare a competen\u021belor evaluate,<strong>\u00a0\u00een direc\u021bia noii logici a \u00eenv\u0103\u021b\u0103rii<\/strong>, cu focalizare pe aplicare \u0219i transfer \u00een contexte noi a cuno\u0219tin\u021belor, pe mobilizarea cuno\u0219tin\u021belor pentru rezolvare de situa\u021bii-problem\u0103, pe formulare de opinii \u0219i argumentare ca antrenare a g\u00e2ndirii critice aplicate \u0219i dincolo de disciplinele \u0219colare, \u00een \u00eenv\u0103\u021barea pentru via\u021b\u0103,\u00a0<strong>va furniza date, informa\u021bii obiective at\u00e2t profesorilor de la clas\u0103, c\u00e2t \u0219i unit\u0103\u021bii de \u00eenv\u0103\u021b\u0103m\u00e2nt, fundament\u00e2nd\u00a0<em>feedback<\/em>ul personalizat c\u0103tre elev, c\u0103tre p\u0103rinte \u0219i\u00a0c\u0103tre comunitatea educa\u021bional\u0103<\/strong>.<\/p>\n<p class=\"rtejustify\">Aceast\u0103 abordare sistematic\u0103, gradual\u0103, adaptat\u0103 nivelului de v\u00e2rst\u0103 al elevilor, \u021binte\u0219te nu doar rezultate \u0219i o mai bun\u0103 performan\u021b\u0103 sistemic\u0103 la studiile comparative interna\u021bionale la care particip\u0103 Rom\u00e2nia (de ex.: OECD-PISA, IEA-TIMSS, IEA-PIRLS etc.), ci \u0219i concentrarea programatic\u0103 pe responsabilizarea pentru propria \u00eenv\u0103\u021bare, pe con\u0219tientizarea punctelor tari \u0219i a celor ce necesit\u0103 efort pentru propria dezvoltare, pentru atingerea propriului poten\u021bial, pe internalizarea principiului \u00eenv\u0103\u021b\u0103rii pe tot parcursul vie\u021bii, pe orientarea c\u0103tre o carier\u0103 \u0219i o via\u021b\u0103 \u00eemplinite.<\/p>\n<p class=\"rtejustify\"><img loading=\"lazy\" decoding=\"async\" src=\"https:\/\/edu.ro\/sites\/default\/files\/_imagini\/comunicate\/ilustratii_2025\/EN_II_2026.jpeg\" alt=\"\" width=\"350\" height=\"293\" \/><img loading=\"lazy\" decoding=\"async\" src=\"https:\/\/edu.ro\/sites\/default\/files\/_imagini\/comunicate\/ilustratii_2025\/EN_IV_VI_2026.jpeg\" alt=\"\" width=\"350\" height=\"293\" \/><\/p>\n<\/div>\n<\/div>\n<\/div>\n<p class=\"rtejustify\"><strong>CALENDARUL de administrare a evalu\u0103rii\u00a0na\u021bionale la finalul clasei\u00a0a II-a (EN II) &#8211; 2023<\/strong><\/p>\n<ul>\n<li class=\"rtejustify\"><strong>9 mai 2023:<\/strong>\u00a0Limba rom\u00e2n\u0103 &amp; limba matern\u0103\u00a0(<strong>scris<\/strong>)<\/li>\n<li class=\"rtejustify\"><strong>10 mai\u00a0\u00a02023<\/strong>:\u00a0Limba rom\u00e2n\u0103 &amp; limba matern\u0103\u00a0(<strong>citit<\/strong>)<\/li>\n<li class=\"rtejustify\"><strong>11\u00a0mai\u00a02023:<\/strong>\u00a0Matematic\u0103<\/li>\n<li class=\"rtejustify\"><strong>12\u00a0mai 2023:<\/strong> Limba rom\u00e2n\u0103 pentru minorit\u0103\u0163ile na\u021bionale (<strong>scris &amp; citit<\/strong>)<\/li>\n<\/ul>\n<p class=\"rtecenter\"><strong>***<\/strong><\/p>\n<p class=\"rtejustify\"><strong>CALENDARUL\u00a0de administrare a evalu\u0103rii\u00a0na\u021bionale la finalul clasei\u00a0a IV-a (EN IV) &#8211; 2023<\/strong><\/p>\n<ul>\n<li class=\"rtejustify\"><strong>16\u00a0mai 2023:<\/strong>\u00a0Limba rom\u00e2n\u0103<\/li>\n<li class=\"rtejustify\"><strong>17 mai 2023<\/strong>:\u00a0Matematic\u0103<\/li>\n<li class=\"rtejustify\"><strong>18\u00a0mai 2023<\/strong>:\u00a0Limba matern\u0103<\/li>\n<\/ul>\n<p class=\"rtecenter\"><strong>***<\/strong><\/p>\n<p class=\"rtejustify\"><strong>CALENDARUL\u00a0de administrare a evalu\u0103rii\u00a0na\u021bionale la finalul clasei\u00a0a VI-a (EN IV) &#8211; 2023<\/strong><\/p>\n<ul>\n<li class=\"rtejustify\"><strong>24\u00a0mai 2023:\u00a0<\/strong>Limb\u0103 \u015fi comunicare<\/li>\n<li class=\"rtejustify\"><strong>25 mai 2023:\u00a0<\/strong>Matematic\u0103 \u015fi \u015etiin\u0163e ale naturii<\/li>\n<\/ul>\n<p class=\"rtecenter\"><strong>***<\/strong><\/p>\n<p class=\"rtejustify\">Ordinul de ministru care aprob\u0103 aceste calendare este disponibil <a href=\"https:\/\/rocnee.eu\/images\/rocnee\/fisiere\/examene\/ordinul-5-359-2022-m-of-902-din-13-sep-2022_1.pdf\" target=\"_blank\" rel=\"noopener\">aici<\/a>.<\/p>\n<p class=\"rtejustify\"><strong>Metodologia de organizare \u0219i desf\u0103\u0219urare <\/strong>a acestor evalu\u0103ri este publicat\u0103 <strong><a href=\"https:\/\/www.edu.ro\/sites\/default\/files\/fisiere%20articole\/Ordin%20%2B%20Anexa%201_Metodologie_EN.pdf\" target=\"_blank\" rel=\"noopener\">ata\u0219at<\/a><\/strong>.<\/p>\n<\/div>\n<\/div>\n<\/div>\n<div class=\"field field-name-field-fisiere field-type-file field-label-above\">\n<div class=\"field-label\">Cadru normativ:<\/div>\n<div class=\"field-items\">\n<div class=\"field-item even\"><span class=\"file\"><img decoding=\"async\" class=\"file-icon\" title=\"application\/pdf\" src=\"https:\/\/www.edu.ro\/modules\/file\/icons\/application-pdf.png\" alt=\"PDF icon\" \/> <a title=\"Ordin + Anexa 1_Metodologie_EN.pdf\" href=\"https:\/\/www.edu.ro\/sites\/default\/files\/fisiere%20articole\/Ordin%20%2B%20Anexa%201_Metodologie_EN.pdf\" type=\"application\/pdf; length=215387\">metodologie EN II, EN IV \u0219i EN VI<\/a><\/span><\/div>\n<\/div>\n<\/div>\n<div class=\"field field-name-field-materiale-informative field-type-file field-label-above\">\n<div class=\"field-label\">Materiale informative:<\/div>\n<div class=\"field-items\">\n<div class=\"field-item even\"><span class=\"file\"><img decoding=\"async\" class=\"file-icon\" title=\"application\/pdf\" src=\"https:\/\/www.edu.ro\/modules\/file\/icons\/application-pdf.png\" alt=\"PDF icon\" \/> <a title=\"calendar EN II - IV - VI.pdf\" href=\"https:\/\/www.edu.ro\/sites\/default\/files\/calendar%20EN%20II%20-%20IV%20-%20VI.pdf\" type=\"application\/pdf; length=42150\">Calendar 2019 evalu\u0103ri na\u021bionale finalul claselor a II-a, a IV-a \u0219i a VI-a (anexa OMEN 4.461\/2018)<\/a><\/span><\/div>\n<div class=\"field-item odd\"><span class=\"file\"><img decoding=\"async\" class=\"file-icon\" title=\"application\/pdf\" src=\"https:\/\/www.edu.ro\/modules\/file\/icons\/application-pdf.png\" alt=\"PDF icon\" \/> <a title=\"OMEN 4787_30_08_2017 EN II_IV_VI.pdf\" href=\"https:\/\/www.edu.ro\/sites\/default\/files\/OMEN%204787_30_08_2017%20EN%20II_IV_VI.pdf\" type=\"application\/pdf; length=45653\">Calendar 2018 evalu\u0103ri na\u021bionale la finalul claselor a II-a, a IV-a \u0219i a VI-a<\/a><\/span><\/div>\n<\/div>\n<\/div>\n","protected":false},"excerpt":{"rendered":"<p>Data public\u0103rii: Miercuri, 24 Septembrie, 2025 Metodologia de organizare \u0219i desf\u0103\u0219urare a evalu\u0103rilor na\u021bionale de la finalul claselor a II-a, a IV-a \u0219i a VI-a pentru anul \u0219colar 2025 &#8211;\u00a02026, aprobat\u0103 prin Ordinul de ministru nr.\u00a06.405\/23.09.2025 (transmis spre publicare \u00een Monitorul Oficial),\u00a0aduce\u00a0dou\u0103 inova\u021bii \u00een beneficiul copiilor. Elementele de noutate \u00een raport cu anii anteriori\u00a0sunt reprezentate&hellip; <a class=\"continue\" href=\"https:\/\/cngcmotru.ro\/index.php\/examene\/evaluari-nationale-la-finalul-claselor-a-ii-a-a-iv-a-si-a-vi-a-calendare-metodologie\/\">Continua<span> Evalu\u0103ri na\u021bionale la finalul claselor a II-a, a IV-a \u0219i a VI-a (calendare + metodologie)<\/span><\/a><\/p>\n","protected":false},"author":1,"featured_media":0,"parent":103,"menu_order":3,"comment_status":"closed","ping_status":"closed","template":"","meta":{"footnotes":""},"class_list":["post-290","page","type-page","status-publish","hentry"],"_links":{"self":[{"href":"https:\/\/cngcmotru.ro\/index.php\/wp-json\/wp\/v2\/pages\/290","targetHints":{"allow":["GET"]}}],"collection":[{"href":"https:\/\/cngcmotru.ro\/index.php\/wp-json\/wp\/v2\/pages"}],"about":[{"href":"https:\/\/cngcmotru.ro\/index.php\/wp-json\/wp\/v2\/types\/page"}],"author":[{"embeddable":true,"href":"https:\/\/cngcmotru.ro\/index.php\/wp-json\/wp\/v2\/users\/1"}],"replies":[{"embeddable":true,"href":"https:\/\/cngcmotru.ro\/index.php\/wp-json\/wp\/v2\/comments?post=290"}],"version-history":[{"count":2,"href":"https:\/\/cngcmotru.ro\/index.php\/wp-json\/wp\/v2\/pages\/290\/revisions"}],"predecessor-version":[{"id":594,"href":"https:\/\/cngcmotru.ro\/index.php\/wp-json\/wp\/v2\/pages\/290\/revisions\/594"}],"up":[{"embeddable":true,"href":"https:\/\/cngcmotru.ro\/index.php\/wp-json\/wp\/v2\/pages\/103"}],"wp:attachment":[{"href":"https:\/\/cngcmotru.ro\/index.php\/wp-json\/wp\/v2\/media?parent=290"}],"curies":[{"name":"wp","href":"https:\/\/api.w.org\/{rel}","templated":true}]}}