{"id":318,"date":"2023-02-07T12:47:38","date_gmt":"2023-02-07T12:47:38","guid":{"rendered":"https:\/\/cngcmotru.ro\/?page_id=318"},"modified":"2026-03-27T06:36:04","modified_gmt":"2026-03-27T06:36:04","slug":"hotarari-c-a","status":"publish","type":"page","link":"https:\/\/cngcmotru.ro\/index.php\/hotarari-c-a\/","title":{"rendered":"Hot\u0103r\u00e2ri C.A."},"content":{"rendered":"<p><strong><a href=\"https:\/\/cngcmotru.ro\/wp-content\/uploads\/2026\/03\/HOTARARI-C.A.-2026-.pdf\">HOT\u0102R\u00c2RI C.A. -2026<\/a><\/strong><\/p>\n<p><strong><a href=\"https:\/\/cngcmotru.ro\/wp-content\/uploads\/2026\/03\/HOTARARI-C.A.-2024-2025.pdf\">HOT\u0102R\u00c2RI C.A. 2024-2025<\/a><\/strong><\/p>\n<p><strong><a href=\"https:\/\/cngcmotru.ro\/wp-content\/uploads\/2023\/02\/Hotarari-C.A-2022_2023.pdf\">HOT\u0102R\u00c2RI C.A.\u00a0 2022_2023<\/a><\/strong><\/p>\n","protected":false},"excerpt":{"rendered":"<p>HOT\u0102R\u00c2RI C.A. -2026 HOT\u0102R\u00c2RI C.A. 2024-2025 HOT\u0102R\u00c2RI C.A.\u00a0 2022_2023<\/p>\n","protected":false},"author":1,"featured_media":0,"parent":0,"menu_order":0,"comment_status":"closed","ping_status":"closed","template":"","meta":{"footnotes":""},"class_list":["post-318","page","type-page","status-publish","hentry"],"_links":{"self":[{"href":"https:\/\/cngcmotru.ro\/index.php\/wp-json\/wp\/v2\/pages\/318","targetHints":{"allow":["GET"]}}],"collection":[{"href":"https:\/\/cngcmotru.ro\/index.php\/wp-json\/wp\/v2\/pages"}],"about":[{"href":"https:\/\/cngcmotru.ro\/index.php\/wp-json\/wp\/v2\/types\/page"}],"author":[{"embeddable":true,"href":"https:\/\/cngcmotru.ro\/index.php\/wp-json\/wp\/v2\/users\/1"}],"replies":[{"embeddable":true,"href":"https:\/\/cngcmotru.ro\/index.php\/wp-json\/wp\/v2\/comments?post=318"}],"version-history":[{"count":7,"href":"https:\/\/cngcmotru.ro\/index.php\/wp-json\/wp\/v2\/pages\/318\/revisions"}],"predecessor-version":[{"id":660,"href":"https:\/\/cngcmotru.ro\/index.php\/wp-json\/wp\/v2\/pages\/318\/revisions\/660"}],"wp:attachment":[{"href":"https:\/\/cngcmotru.ro\/index.php\/wp-json\/wp\/v2\/media?parent=318"}],"curies":[{"name":"wp","href":"https:\/\/api.w.org\/{rel}","templated":true}]}}