{"id":351,"date":"2023-09-26T10:38:56","date_gmt":"2023-09-26T10:38:56","guid":{"rendered":"https:\/\/cngcmotru.ro\/?page_id=351"},"modified":"2025-09-15T06:44:58","modified_gmt":"2025-09-15T06:44:58","slug":"burse-2023-2024","status":"publish","type":"page","link":"https:\/\/cngcmotru.ro\/index.php\/burse-2023-2024\/","title":{"rendered":"Burse elevi"},"content":{"rendered":"<p class=\"rtejustify\" dir=\"ltr\"><strong>\u00cen anul \u0219colar 2025 &#8211; 2026, bursele \u0219colare se acord\u0103 \u00een conformitate cu prevederile\u00a0<a href=\"https:\/\/www.edu.ro\/sites\/default\/files\/_fi%C8%99iere\/Minister\/2025\/div\/HG_732_2025_metodologie_acordare_burse_elevi.pdf\" target=\"_blank\" rel=\"noopener\">Hot\u0103r\u00e2rii de Guvern nr. 732\/04.09.2025<\/a><\/strong>, care aprob\u0103<strong>\u00a0metodologia-cadru\u00a0\u0219i cuantumul acestora.<\/strong><\/p>\n<p class=\"rtejustify\" dir=\"ltr\">\u00cen acest sens, public\u0103m mai jos o sintez\u0103 a procesului\/formulei de acordare a burselor \u0219colare \u00een anul \u0219colar curent.<\/p>\n<blockquote>\n<p class=\"rtejustify\"><strong>Elevii de la cursurile cu frecven\u021b\u0103 de zi din \u00eenv\u0103\u021b\u0103m\u00e2ntul preuniversitar de stat obligatoriu beneficiaz\u0103 de:<\/strong><\/p>\n<\/blockquote>\n<ul>\n<li>\n<p class=\"rtejustify\">burs\u0103 de merit (\u00een cuantum de 450 de lei\/lun\u0103)<\/p>\n<\/li>\n<li>\n<p class=\"rtejustify\">burs\u0103 social\u0103 (300 de lei\/lun\u0103)<\/p>\n<\/li>\n<li>\n<p class=\"rtejustify\">burs\u0103 tehnologic\u0103 (300 de lei\/lun\u0103)<\/p>\n<\/li>\n<li>\n<p class=\"rtejustify\">bursa pentru sprijinirea reintegr\u0103rii \u0219colare a mamelor minore (conform legii).<\/p>\n<\/li>\n<\/ul>\n<blockquote>\n<p class=\"rtejustify\"><strong>Elevii din unit\u0103\u0163ile de \u00eenv\u0103\u0163\u0103m\u00e2nt preuniversitar particular \u015fi confesional beneficiaz\u0103 de:<\/strong><\/p>\n<\/blockquote>\n<ul>\n<li>\n<p class=\"rtejustify\">burse sociale, pentru elevii de la cursurile cu frecven\u0163\u0103 de zi, nivel primar, gimnazial \u015fi liceal, dac\u0103 sunt \u015fcolariza\u0163i f\u0103r\u0103 taxe;<\/p>\n<\/li>\n<li>\n<p class=\"rtejustify\">burse tehnologice, pentru elevii de la cursurile cu frecven\u0163\u0103 de zi din \u00eenv\u0103\u0163\u0103m\u00e2ntul profesional, dac\u0103 se \u00eencadreaz\u0103 \u00een specializ\u0103rile \u015fi condi\u0163iile stabilite prin metodologia-cadru.<\/p>\n<\/li>\n<\/ul>\n<p class=\"rtejustify\">Valoarea burselor poate fi suplimentat\u0103 prin hot\u0103r\u00e2re a consiliilor de administra\u0163ie ale unit\u0103\u0163ilor de \u00eenv\u0103\u0163\u0103m\u00e2nt \u00een func\u0163ie de sumele alocate de autorit\u0103\u0163ile administra\u0163iei publice locale\/alte venituri ob\u0163inute de unit\u0103\u021bile de \u00eenv\u0103\u021b\u0103m\u00e2nt \u0219i care pot fi utilizate cu aceast\u0103 destina\u021bie.<\/p>\n<blockquote>\n<p class=\"rtejustify\"><strong>Bursa de merit &#8211;<\/strong>\u00a0pentru elevii de nivel gimnazial, liceal \u0219i profesional &#8211; se acord\u0103:<\/p>\n<\/blockquote>\n<ul>\n<li>\n<p class=\"rtejustify\">primilor 15% dintre elevii fiec\u0103rei clase de gimnaziu \u015fi liceu dintr-o unitate de \u00eenv\u0103\u0163\u0103m\u00e2nt preuniversitar, care au medii generale pe anul \u015fcolar anterior mai mari sau egale cu 9.00 (pentru elevii din clasa a V-a se va lua \u00een considerare media primelor dou\u0103 intervale de cursuri din anul \u0219colar curent; pentru elevii de clasa a IX-a se va lua \u00een considerare media de admitere \u00een \u00eenv\u0103\u021b\u0103m\u00e2ntul liceal \u0219i profesional)<\/p>\n<\/li>\n<li>\n<p class=\"rtejustify\">suplimentar fa\u021b\u0103 de cei 15%, elevilor care au media egal\u0103 cu a ultimului beneficiar stabilit prin aplicarea procentului (15%)<\/p>\n<\/li>\n<li>\n<p class=\"rtejustify\">suplimentar fa\u021b\u0103 de cei 15%, elevilor din fiecare clas\u0103 a IX-a care au fost admi\u0219i la liceu f\u0103r\u0103 sus\u021binerea examenului de evaluare na\u021bional\u0103, \u00een baza ob\u021binerii, pe parcursul gimnaziului, a unui premiu I la etapa na\u021bional\u0103 a olimpiadelor \u0219colare organizate \u0219i finan\u021bate de Ministerul Educa\u021biei \u0219i Cercet\u0103rii sau a unui premiu I, II sau III la competi\u021bii interna\u021bionale recunoscute de Ministerul Educa\u021biei \u0219i Cercet\u0103rii.<\/p>\n<\/li>\n<\/ul>\n<p class=\"rtejustify\">Bursele\u00a0se acord\u0103 \u00een perioada cursurilor \u0219colare, inclusiv \u00een perioada preg\u0103tirii practice.<\/p>\n<blockquote>\n<p class=\"rtejustify\"><strong>Bursa social\u0103<\/strong>\u00a0&#8211;\u00a0pentru elevii de nivel primar, gimnazial, liceal \u0219i profesional \u00eenscri\u015fi la cursurile cu frecven\u0163\u0103 de zi, inclusiv pentru cei \u015fcolariza\u0163i la domiciliu sau care urmeaz\u0103 cursurile \u00een \u201e\u0218coala din spital\u201d<\/p>\n<p class=\"rtejustify\">Bursele sociale sus\u021bin participarea \u0219colar\u0103 a:<\/p>\n<\/blockquote>\n<ul>\n<li>\n<p class=\"rtejustify\">elevilor proveni\u0163i din familii care realizeaz\u0103 un venit mediu net pe membru de familie, supus impozit\u0103rii, pe ultimele 12 luni anterioare cererii, mai mic de 50% din salariul minim net pe economie;<\/p>\n<\/li>\n<li>\n<p class=\"rtejustify\">elevilor cu unul sau ambii p\u0103rin\u0163i deceda\u0163i \u015fi elevilor asupra c\u0103rora a fost instituit\u0103 o m\u0103sur\u0103 de protec\u0163ie special\u0103, respectiv plasamentul\/plasamentul de urgen\u0163\u0103;<\/p>\n<\/li>\n<li>\n<p class=\"rtejustify\">elevilor cu deficien\u0163e\/afect\u0103ri func\u0163ionale produse de boli, tulbur\u0103ri sau afec\u0163iuni ale structurilor \u015fi func\u0163iilor organismului, \u00eencadrate conform legisla\u021biei \u00een vigoare;<\/p>\n<\/li>\n<li>\n<p class=\"rtejustify\">elevilor cu afec\u0163iuni oncologice \u015fi\/sau cronice \u015fcolariza\u0163i, pentru o perioad\u0103 mai mare de 4 s\u0103pt\u0103m\u00e2ni, \u00een cadrul \u201e\u015ecolii din spital\u201d sau la domiciliu;<\/p>\n<\/li>\n<li>\n<p class=\"rtejustify\">elevilor care revin dup\u0103 \u015fcolarizarea din cadrul \u201e\u015ecolii din spital\u201d \u00een unitatea de \u00eenv\u0103\u0163\u0103m\u00e2nt la care au fost \u00eenmatricula\u0163i anterior;<\/p>\n<\/li>\n<li>\n<p class=\"rtejustify\">elevilor proveni\u0163i din familii care beneficiaz\u0103 de venit minim de incluziune conform Legii nr. 196\/2016 privind venitul minim de incluziune.<\/p>\n<\/li>\n<\/ul>\n<blockquote>\n<p class=\"rtejustify\"><strong>Bursele sociale<\/strong><\/p>\n<\/blockquote>\n<ul>\n<li>\n<p class=\"rtejustify\"><strong>se acord\u0103 sub condi\u0163ia ca elevul s\u0103 fi promovat la toate disciplinele \u015fi s\u0103 fi ob\u0163inut media 10 la purtare sau calificativul \u201efoarte bine\u201d la purtare, la finalul anului \u015fcolar anterior.<\/strong><\/p>\n<\/li>\n<li>\n<p class=\"rtejustify\">se acord\u0103 \u015fi \u00een perioada vacan\u0163elor \u015fcolare (cu excep\u021bia: elevilor care nu au promovat anul \u0219colar, a celor care sunt corigen\u021bi la mai mult de o disciplin\u0103 \u0219i au acumulat mai mult de 20 de absen\u021be nemotivate\/an, a elevilor care nu au fost admi\u0219i la liceu\/\u00eenv\u0103\u021b\u0103m\u00e2nt profesional, cursuri cu frecven\u021b\u0103\/a celor care repet\u0103 anul \u0219colar din alte motive dec\u00e2t cele medicale)<\/p>\n<\/li>\n<\/ul>\n<p class=\"rtejustify\">Pentru ob\u0163inerea bursei sociale elevii majori sau p\u0103rin\u0163ii\/reprezentan\u0163ii legali ai elevilor minori depun la secretariatul unit\u0103\u021bii de \u00eenv\u0103\u0163\u0103m\u00e2nt o cerere \u00eenso\u0163it\u0103 de acte care dovedesc dreptul de acordare a bursei sociale<strong>, \u00een primele 25 de zile calendaristice de la \u00eenceperea cursurilor anului \u015fcolar.<\/strong><\/p>\n<p class=\"rtejustify\">Bursa social\u0103 se poate cumula cu bursa de merit. \u00cen aceea\u0219i m\u0103sur\u0103, bursa tehnologic\u0103 se poate cumula cu bursa de merit \u015fi cu bursa social\u0103.<\/p>\n<p>&nbsp;<\/p>\n<p class=\"rtejustify\"><strong>[NOU] \u00cen anul \u0219colar 2024 &#8211; 2025, bursele \u0219colare se acord\u0103 \u00een conformitate cu prevederile <a href=\"https:\/\/www.edu.ro\/sites\/default\/files\/_fi%C8%99iere\/Legislatie\/2024\/OME_5518_Burse_2024-2025.pdf\" target=\"_blank\" rel=\"noopener\">Ordinului de ministru nr. 5.518\/11.07.2024<\/a>\u00a0privind aprobarea\u00a0Metodologiei-cadru de acordare a burselor.<\/strong><\/p>\n<p class=\"rtejustify\" dir=\"ltr\">\u00cen acest sens, sec\u021biunea dedicat\u0103\u00a0<strong><a href=\"https:\/\/www.edu.ro\/burse_scolare_faq_intrebari_raspunsuri\" target=\"_blank\" rel=\"noopener\">celor\u00a0mai frecvente \u00eentreb\u0103ri \u0219i r\u0103spunsuri (FAQ)<\/a>\u00a0<\/strong>privind procesul de acordare a burselor \u0219colare \u00een anul \u0219colar a fost actualizat\u0103.<\/p>\n<p class=\"rtejustify\" dir=\"ltr\"><strong>An \u0219colar 2023-2024<\/strong><\/p>\n<p><strong>extras din O.M.E. 6238\/08.09.2023<\/strong><\/p>\n<p><strong><u>Bursa de excelen\u021b\u0103 olimpic\u0103 I<\/u><\/strong>\u00a0se acord\u0103 elevilor care ob\u021bin distinc\u021bii, respectiv premiile I, II, III \u0219i men\u021biune, la olimpiadele \u0219colare interna\u021bionale, respectiv campionatele sportive \u0219colare interna\u021bionale recunoscute de Ministerul Educa\u021biei \u0219i la Jocurile Olimpice \u00een parteneriat cu Comitetul Olimpic \u0219i Sportiv Rom\u00e2n.\u00a0<strong>Bursele de excelen\u021b\u0103 olimpic\u0103 I<\/strong>\u00a0se pl\u0103tesc lunar elevilor de gimnaziu \u0219i liceu, pe \u00eentreaga durat\u0103 a anului \u0219colar urm\u0103tor ob\u021binerii distinc\u021biei. Prin excep\u021bie, elevii care ob\u021bin distinc\u021bii \u0219i premii \u00een ultimul an de studii liceale primesc un premiu \u00een cuantum egal cu valoarea cumulat\u0103 a bursei pentru un an \u0219colar;<\/p>\n<p><strong><u>Bursa de excelen\u021b\u0103 olimpic\u0103 II<\/u><\/strong>\u00a0se acord\u0103 elevilor care ob\u021bin distinc\u021bii, respectiv premiile I, II \u0219i III la etapele na\u021bionale ale olimpiadelor \u0219colare organizate \u0219i finan\u021bate de Ministerul Educa\u021biei.\u00a0<strong>Bursele de excelen\u021b\u0103 olimpic\u0103 II<\/strong>\u00a0se pl\u0103tesc lunar elevilor de gimnaziu \u0219i liceu, pe \u00eentreaga durat\u0103 a anului \u0219colar urm\u0103tor ob\u021binerii distinc\u021biei. Prin excep\u021bie, elevii care ob\u021bin distinc\u021bii \u0219i premii \u00een ultimul an de studii liceale primesc un premiu \u00een cuantum egal cu valoarea cumulat\u0103 a bursei pentru un an \u0219colar.<\/p>\n<p>Pot primi\u00a0<strong>burs\u0103 de excelen\u021b\u0103 olimpic\u0103<\/strong>\u00a0<u>doar elevii promova\u021bi la toate disciplinele \u0219i care au ob\u021binut media 10 la purtare, la finalul cursurilor din anul \u0219colar anterior<\/u>, \u00een condi\u021biile Legii \u00eenv\u0103\u021b\u0103m\u00e2ntului preuniversitar nr. 198\/2023, cu modific\u0103rile ulterioare.<\/p>\n<p><strong>Bursele de excelen\u021b\u0103 olimpic\u0103 I \u0219i II\u00a0<\/strong>care au la baz\u0103 rezultatele ob\u021binute conform prevederilor alin. (1) lit. a) \u0219i b), atestate prin copii de pe diplomele ob\u021binute, certificate pentru conformitate cu originalul la nivelul unit\u0103\u021bii de \u00eenv\u0103\u021b\u0103m\u00e2nt, se acord\u0103 elevilor pe baza unei cereri depuse de p\u0103rinte\/ reprezentantul legal\/elevul major \u00een primele 25 de zile calendaristice de la \u00eenceperea cursurilor anului \u0219colar sau \u00een termen de 15 zile calendaristice de la data ob\u021binerii premiului pentru elevii din anii terminali.<\/p>\n<p>&nbsp;<\/p>\n<p><strong><u>Bursele de merit<\/u><\/strong>\u00a0se acord\u0103 pentru minimum 30% din elevii din fiecare clas\u0103 de gimnaziu \u0219i liceu dintr-o unitate de \u00eenv\u0103\u021b\u0103m\u00e2nt preuniversitar, dup\u0103 cum urmeaz\u0103:<\/p>\n<ol>\n<li>a) 30% din elevii din fiecare clas\u0103 de gimnaziu \u0219i liceu dintr-o unitate de \u00eenv\u0103\u021b\u0103m\u00e2nt preuniversitar, mai pu\u021bin elevii din clasa a V-a \u0219i elevii din clasa a IX-a, \u00een ordinea descresc\u0103toare a mediilor generale anuale; \u00een situa\u021bia \u00een care prin aplicarea procentului de 30% nu sunt cuprin\u0219i to\u021bi elevii cu medii generale anuale mai mari sau egale cu 9,50, lista va fi extins\u0103 pentru a-i cuprinde \u0219i pe ace\u0219tia;<\/li>\n<li>b) 30% din elevii fiec\u0103rei clase a V-a dintr-o unitate de \u00eenv\u0103\u021b\u0103m\u00e2nt preuniversitar, \u00een ordinea descresc\u0103toare a mediilor calculate ca medie aritmetic\u0103, av\u00e2nd dou\u0103 zecimale, f\u0103r\u0103 rotunjire, a notelor ob\u021binute de elevi pe parcursul primelor dou\u0103 intervale de \u00eenv\u0103\u021bare din anul \u0219colar \u00een curs; \u00een situa\u021bia \u00een care prin aplicarea procentului de 30% nu sunt cuprin\u0219i to\u021bi elevii cu medii mai mari sau egale cu 9,50, lista va fi extins\u0103 pentru a-i cuprinde \u0219i pe ace\u0219tia;<\/li>\n<li>c) 30% din elevii fiec\u0103rei clase a IX-a dintr-o unitate de \u00eenv\u0103\u021b\u0103m\u00e2nt preuniversitar, \u00een ordinea descresc\u0103toare a mediilor de admitere \u00een \u00eenv\u0103\u021b\u0103m\u00e2ntul liceal sau profesional; \u00een situa\u021bia \u00een care prin aplicarea procentului de 30% nu sunt cuprin\u0219i to\u021bi elevii cu medii de admitere mai mari sau egale cu 9,50, lista va fi extins\u0103 pentru a-i cuprinde \u0219i pe ace\u0219tia;<\/li>\n<li>d) elevilor care au ob\u021binut premiile I, II sau III la etapele jude\u021bene ale olimpiadelor \u0219colare recunoscute de Ministerul Educa\u021biei, conform calendarelor competi\u021bionale aprobate prin ordin de ministru, precum \u0219i elevilor care fac parte din loturile restr\u00e2nse de preg\u0103tire pentru participarea la olimpiadele interna\u021bionale;<\/li>\n<li>e) elevilor care au ob\u021binut premiul I la etapele na\u021bionale ale concursurilor \u0219colare \u0219i extra\u0219colare recunoscute \u0219i finan\u021bate de Ministerul Educa\u021biei, conform calendarelor competi\u021bionale aprobate prin ordin de ministru;<\/li>\n<li>f) elevilor care au ob\u021binut premiul I la etapele na\u021bionale ale concursurilor \u0219colare \u0219i extra\u0219colare recunoscute de Ministerul Educa\u021biei, f\u0103r\u0103 finan\u021bare, conform calendarelor competi\u021bionale aprobate prin ordin de ministru;<\/li>\n<li>g) elevilor care au ob\u021binut medalii de aur la campionatele na\u021bionale organizate de federa\u021biile sportive na\u021bionale \u00een sporturi olimpice.<\/li>\n<\/ol>\n<p>Listele cu elevii din clasa a V-a beneficiari ai bursei de merit se stabilesc \u00een luna ianuarie a anului calendaristic urm\u0103tor anului \u00een care se ob\u021bin rezultatele \u0219colare men\u021bionate anterior \u0219i se pl\u0103tesc \u00eencep\u00e2nd cu luna februarie, pentru drepturile aferente lunii ianuarie, p\u00e2n\u0103 la sf\u00e2r\u0219itul anului \u0219colar.<\/p>\n<p>&nbsp;<\/p>\n<p><strong><u>Bursa social\u0103<\/u><\/strong>\u00a0se acord\u0103 elevilor din \u00eenv\u0103\u021b\u0103m\u00e2ntul preuniversitar de stat, \u00eenscri\u0219i la cursurile cu frecven\u021b\u0103, inclusiv celor \u0219colariza\u021bi la domiciliu sau care urmeaz\u0103 cursurile \u00een \u0219coala de spital, care se \u00eencadreaz\u0103 \u00een cel pu\u021bin una dintre urm\u0103toarele situa\u021bii:<\/p>\n<ol>\n<li>a) elevi proveni\u021bi din familii care realizeaz\u0103 un venit mediu net lunar pe membru de familie, supus impozitului pe venit, pe ultimele 12 luni anterioare cererii, mai mic de 50% din salariul minim net pe economie; se va lua \u00een calcul salariul minim net pe economie \u00een vigoare la data depunerii cererii;<\/li>\n<li>b) elevi minori, respectiv elevi \u00een risc de excluziune social\u0103, neangaja\u021bi pe pia\u021ba muncii \u0219i \u00eenscri\u0219i \u00een formele de \u00eenv\u0103\u021b\u0103m\u00e2nt cu frecven\u021b\u0103 redus\u0103 sau \u00een programele educa\u021bionale de tip \u201eA doua \u0219ans\u0103\u201d, a c\u0103ror familie realizeaz\u0103 un venit mediu net lunar pe membru de familie, supus impozitului pe venit, pe ultimele 12 luni anterioare cererii, mai mic de 50% din salariul minim net pe economie; se va lua \u00een calcul salariul minim net pe economie \u00een vigoare la data depunerii cererii;<\/li>\n<li>c) elevi cu unul sau ambii p\u0103rin\u021bi deceda\u021bi \u0219i elevi asupra c\u0103rora a fost instituit\u0103 o m\u0103sur\u0103 de protec\u021bie special\u0103, respectiv plasamentul\/plasamentul de urgen\u021b\u0103, f\u0103r\u0103 a se lua \u00een considerare nivelul venitului mediu pe membru de familie;<\/li>\n<li>d) elevi care provin din familii monoparentale, f\u0103r\u0103 a se lua \u00een considerare nivelul venitului mediu pe membru de familie;<\/li>\n<li>e) elevi care au deficien\u021be\/afect\u0103ri func\u021bionale produse de boli, tulbur\u0103ri sau afec\u021biuni ale structurilor \u0219i func\u021biilor organismului, \u00eencadrate conform criteriilor din anexa nr. 1 la Ordinul ministrului s\u0103n\u0103t\u0103\u021bii \u0219i al ministrului muncii, familiei, protec\u021biei sociale \u0219i persoanelor v\u00e2rstnice nr. 1.306\/1.883\/2016 pentru aprobarea criteriilor biopsihosociale de \u00eencadrare a copiilor cu dizabilit\u0103\u021bi \u00een grad de handicap \u0219i a modalit\u0103\u021bilor de aplicare a acestora, cu modific\u0103rile \u0219i complet\u0103rile ulterioare, \u0219i structurate tipologic conform aceluia\u0219i ordin, f\u0103r\u0103 a se lua \u00een considerare nivelul venitului mediu pe membru de familie;<\/li>\n<li>f) elevi proveni\u021bi din familii care beneficiaz\u0103 de venit minim de incluziune conform Legii nr. 196\/2016 privind venitul minim de incluziune, cu modific\u0103rile \u0219i complet\u0103rile ulterioare, \u00een baza deciziei de stabilire a dreptului la ajutor de incluziune al familiei elevului.<\/li>\n<\/ol>\n<p>Lista elevilor care beneficiaz\u0103 de\u00a0<strong><u>burse sociale<\/u><\/strong>\u00a0poate fi revizuit\u0103 lunar, la cererea beneficiarilor, dup\u0103 cum urmeaz\u0103: se adaug\u0103 listei beneficiarilor de burse sociale acei elevi care fac dovada \u00eencadr\u0103rii \u00een condi\u021biile prev\u0103zute.<\/p>\n<p>Bursele sociale se acord\u0103 \u0219i \u00een perioada vacan\u021belor \u0219colare.\u00a0<strong>Nu primesc bursa social\u0103 \u00een perioada vacan\u021bei de var\u0103<\/strong>:<\/p>\n<ol>\n<li>a) elevii care nu au promovat anul \u0219colar;<\/li>\n<li>b) elevii care la sf\u00e2r\u0219itul anului \u0219colar sunt corigen\u021bi la mai mult de o disciplin\u0103 \u0219i au acumulat mai mult de 20 de absen\u021be nemotivate\/an;<\/li>\n<li>c) absolven\u021bii \u00eenv\u0103\u021b\u0103m\u00e2ntului gimnazial care nu au fost admi\u0219i \u00een liceu\/\u00eenv\u0103\u021b\u0103m\u00e2nt profesional, cursuri cu frecven\u021b\u0103, \u00eentr-o unitate de \u00eenv\u0103\u021b\u0103m\u00e2nt preuniversitar de stat;<\/li>\n<li>d) elevii care repet\u0103 anul \u0219colar din alte motive dec\u00e2t medicale.<\/li>\n<\/ol>\n<p>&nbsp;<\/p>\n<p><strong><u>Bursa tehnologic\u0103<\/u><\/strong>\u00a0reprezint\u0103 o form\u0103 de stimulare a elevilor care urmeaz\u0103 \u00eenv\u0103\u021b\u0103m\u00e2ntul tehnologic \u00een condi\u021biile prezentei metodologii, \u00een conformitate cu priorit\u0103\u021bile Ministerului Educa\u021biei, \u0219i const\u0103 \u00eentr-un sprijin financiar lunar stabilit conform Legii \u00eenv\u0103\u021b\u0103m\u00e2ntului preuniversitar nr. 198\/2023, cu modific\u0103rile ulterioare. Prin excep\u021bie de la prevederile alin. (1), \u00een anii \u0219colari 2023\u20142024 \u0219i 2024\u20142025, bursa tehnologic\u0103 se acord\u0103 doar elevilor \u00eenmatricula\u021bi \u00een cadrul specializ\u0103rilor din \u00eenv\u0103\u021b\u0103m\u00e2ntul profesional, inclusiv dual, nivel 3 EQF\/CNC. Elevii declara\u021bi repeten\u021bi la finalul unui an \u0219colar nu beneficiaz\u0103 de bursa tehnologic\u0103 pentru anul de studiu pe care \u00eel repet\u0103. Elevii care cumuleaz\u0103 10 sau mai multe absen\u021be nemotivate \u00eentr-o lun\u0103 nu primesc bursa tehnologic\u0103 pentru luna respectiv\u0103. \u2014\u00a0<strong>Bursa tehnologic\u0103<\/strong>\u00a0se acord\u0103 elevilor la propunerea dirigintelui, nefiind condi\u021bionat\u0103 de depunerea unei cereri \u00een acest sens. Profesorul diriginte va \u00eenainta la secretariatul unit\u0103\u021bii de \u00eenv\u0103\u021b\u0103m\u00e2nt lista cu elevii propu\u0219i pentru bursa tehnologic\u0103, \u00een primele 25 de zile calendaristice de la \u00eenceperea cursurilor anului \u0219colar.<\/p>\n<p><strong><u>Bursa pentru mamele minore<\/u><\/strong>\u00a0reprezint\u0103 o form\u0103 de sprijin a mamelor minore \u00een vederea sus\u021binerii particip\u0103rii la educa\u021bie, a prevenirii abandonului \u0219i a nereu\u0219itei \u0219colare. Cuantumul minim al bursei pentru mamele minore este\u00a0<strong>700 lei\/lun\u0103<\/strong>. Bursa se acord\u0103 elevelor din \u00eenv\u0103\u021b\u0103m\u00e2ntul preuniversitar de stat, reintegrate \u00eentr-o unitate de \u00eenv\u0103\u021b\u0103m\u00e2nt, care frecventeaz\u0103 cursurile de zi \u0219i au copil\/copii propriu\/proprii \u00een \u00eentre\u021binere.\u00a0<strong>Bursa pentru mame minore<\/strong>\u00a0se acord\u0103 \u00een perioada cursurilor \u0219colare, inclusiv \u00een timpul preg\u0103tirii \u0219i sus\u021binerii evalu\u0103rii na\u021bionale, a examenului na\u021bional de bacalaureat, a examenului de certificare a calific\u0103rii profesionale \u0219i \u00een perioada preg\u0103tirii practice. Bursierele care acumuleaz\u0103 60 sau mai multe absen\u021be nemotivate \u00eentr-o lun\u0103 nu primesc bursa pentru luna respectiv\u0103.<\/p>\n<p>&nbsp;<\/p>\n<p><strong>Cuantum burse:<\/strong><\/p>\n<ul>\n<li>De tip excelen\u021b\u0103 olimpic\u0103 I = \u00eentre 750 \u0219i 3000 de lei\/lun\u0103;<\/li>\n<li>De tip excelen\u021b\u0103 olimpic\u0103 II = 700 de lei\/lun\u0103;<\/li>\n<li>De merit = 450 de lei\/lun\u0103;<\/li>\n<li>Social\u0103 = 300 de lei\/lun\u0103;<\/li>\n<li>Pentru mame minore = 700 de lei\/lun\u0103;<\/li>\n<li>De tip tehnologic = 300 de lei\/lun\u0103.<\/li>\n<\/ul>\n<p><strong>Pentru bursa de merit acordat\u0103 pentru media anual\u0103 ob\u021binut\u0103 de elev \u00een anul \u0219colar 2022-2023, nu se depune cerere de c\u0103tre p\u0103rinte \/ reprezentant legal elev \/ elevul major!<\/strong><\/p>\n<ul>\n<li><a href=\"https:\/\/www.spiruharetgorj.ro\/wp-content\/uploads\/2023\/09\/Anexa1_Lista_CAEN_finantate_2023.pdf\">Anexa1_Lista_CAEN_finantate_2023<\/a><\/li>\n<li><a href=\"https:\/\/www.spiruharetgorj.ro\/wp-content\/uploads\/2023\/09\/Anexa1_Lista_Olimpiade_concursuri_internationale_2023-1.pdf\">Anexa1_Lista_Olimpiade_concursuri_internationale_2023-1<\/a><\/li>\n<li><a href=\"https:\/\/www.spiruharetgorj.ro\/wp-content\/uploads\/2023\/09\/Anexa2_-Lista_-Olimpiade_nationale_2023-1-3.pdf\">Anexa2_-Lista_-Olimpiade_nationale_2023-1 (3)<\/a><\/li>\n<li><a href=\"https:\/\/www.spiruharetgorj.ro\/wp-content\/uploads\/2023\/09\/Anexa4_Lista_Concursuri_finantate_ME_2023-1.pdf\">Anexa4_Lista_Concursuri_finantate_ME_2023 (1)<\/a><\/li>\n<li><a href=\"https:\/\/www.spiruharetgorj.ro\/wp-content\/uploads\/2023\/09\/Anexa5_Lista-_Concursuri_NEfinantate_ME_-2023.pdf\">Anexa5_Lista-_Concursuri_NEfinantate_ME_-2023<\/a><\/li>\n<li><a href=\"https:\/\/www.spiruharetgorj.ro\/wp-content\/uploads\/2023\/09\/Anexe_06_07_08_09_10_Competitii_sportive-1.pdf\">Anexe_06_07_08_09_10_Competitii_sportive-1<\/a><\/li>\n<li><a href=\"https:\/\/www.spiruharetgorj.ro\/wp-content\/uploads\/2023\/09\/OME-6238-BURSE.pdf\">OME 6238 BURSE<\/a><\/li>\n<\/ul>\n","protected":false},"excerpt":{"rendered":"<p>\u00cen anul \u0219colar 2025 &#8211; 2026, bursele \u0219colare se acord\u0103 \u00een conformitate cu prevederile\u00a0Hot\u0103r\u00e2rii de Guvern nr. 732\/04.09.2025, care aprob\u0103\u00a0metodologia-cadru\u00a0\u0219i cuantumul acestora. \u00cen acest sens, public\u0103m mai jos o sintez\u0103 a procesului\/formulei de acordare a burselor \u0219colare \u00een anul \u0219colar curent. Elevii de la cursurile cu frecven\u021b\u0103 de zi din \u00eenv\u0103\u021b\u0103m\u00e2ntul preuniversitar de stat obligatoriu&hellip; <a class=\"continue\" href=\"https:\/\/cngcmotru.ro\/index.php\/burse-2023-2024\/\">Continua<span> Burse elevi<\/span><\/a><\/p>\n","protected":false},"author":1,"featured_media":0,"parent":0,"menu_order":0,"comment_status":"closed","ping_status":"closed","template":"","meta":{"footnotes":""},"class_list":["post-351","page","type-page","status-publish","hentry"],"_links":{"self":[{"href":"https:\/\/cngcmotru.ro\/index.php\/wp-json\/wp\/v2\/pages\/351","targetHints":{"allow":["GET"]}}],"collection":[{"href":"https:\/\/cngcmotru.ro\/index.php\/wp-json\/wp\/v2\/pages"}],"about":[{"href":"https:\/\/cngcmotru.ro\/index.php\/wp-json\/wp\/v2\/types\/page"}],"author":[{"embeddable":true,"href":"https:\/\/cngcmotru.ro\/index.php\/wp-json\/wp\/v2\/users\/1"}],"replies":[{"embeddable":true,"href":"https:\/\/cngcmotru.ro\/index.php\/wp-json\/wp\/v2\/comments?post=351"}],"version-history":[{"count":4,"href":"https:\/\/cngcmotru.ro\/index.php\/wp-json\/wp\/v2\/pages\/351\/revisions"}],"predecessor-version":[{"id":584,"href":"https:\/\/cngcmotru.ro\/index.php\/wp-json\/wp\/v2\/pages\/351\/revisions\/584"}],"wp:attachment":[{"href":"https:\/\/cngcmotru.ro\/index.php\/wp-json\/wp\/v2\/media?parent=351"}],"curies":[{"name":"wp","href":"https:\/\/api.w.org\/{rel}","templated":true}]}}