{"id":69,"date":"2022-01-07T07:30:01","date_gmt":"2022-01-07T07:30:01","guid":{"rendered":"https:\/\/cngcmotru.ro\/?page_id=69"},"modified":"2022-01-07T07:30:01","modified_gmt":"2022-01-07T07:30:01","slug":"misiune","status":"publish","type":"page","link":"https:\/\/cngcmotru.ro\/index.php\/sample-page\/misiune\/","title":{"rendered":"Misiune"},"content":{"rendered":"<p><strong>Misiunea noastr\u0103:<\/strong><\/p>\n<p>\u015ecoala noastr\u0103 \u00eencearc\u0103 s\u0103 satisfac\u0103 nevoia fiec\u0103rui elev de a se sim\u0163i competent, \u00eentr-un spa\u0163iu al respectului fa\u0163\u0103 de sine \u015fi fa\u0163\u0103 de ceilal\u0163i, s\u0103 asigure dezvoltarea liber\u0103, integral\u0103, armonioas\u0103 a individualit\u0103\u0163ii umane, \u00een formarea personalit\u0103\u0163ii autonome \u015fi creative.<\/p>\n","protected":false},"excerpt":{"rendered":"<p>Misiunea noastr\u0103: \u015ecoala noastr\u0103 \u00eencearc\u0103 s\u0103 satisfac\u0103 nevoia fiec\u0103rui elev de a se sim\u0163i competent, \u00eentr-un spa\u0163iu al respectului fa\u0163\u0103 de sine \u015fi fa\u0163\u0103 de ceilal\u0163i, s\u0103 asigure dezvoltarea liber\u0103, integral\u0103, armonioas\u0103 a individualit\u0103\u0163ii umane, \u00een formarea personalit\u0103\u0163ii autonome \u015fi creative.<\/p>\n","protected":false},"author":1,"featured_media":0,"parent":2,"menu_order":1,"comment_status":"closed","ping_status":"closed","template":"","meta":{"footnotes":""},"class_list":["post-69","page","type-page","status-publish","hentry"],"_links":{"self":[{"href":"https:\/\/cngcmotru.ro\/index.php\/wp-json\/wp\/v2\/pages\/69","targetHints":{"allow":["GET"]}}],"collection":[{"href":"https:\/\/cngcmotru.ro\/index.php\/wp-json\/wp\/v2\/pages"}],"about":[{"href":"https:\/\/cngcmotru.ro\/index.php\/wp-json\/wp\/v2\/types\/page"}],"author":[{"embeddable":true,"href":"https:\/\/cngcmotru.ro\/index.php\/wp-json\/wp\/v2\/users\/1"}],"replies":[{"embeddable":true,"href":"https:\/\/cngcmotru.ro\/index.php\/wp-json\/wp\/v2\/comments?post=69"}],"version-history":[{"count":1,"href":"https:\/\/cngcmotru.ro\/index.php\/wp-json\/wp\/v2\/pages\/69\/revisions"}],"predecessor-version":[{"id":70,"href":"https:\/\/cngcmotru.ro\/index.php\/wp-json\/wp\/v2\/pages\/69\/revisions\/70"}],"up":[{"embeddable":true,"href":"https:\/\/cngcmotru.ro\/index.php\/wp-json\/wp\/v2\/pages\/2"}],"wp:attachment":[{"href":"https:\/\/cngcmotru.ro\/index.php\/wp-json\/wp\/v2\/media?parent=69"}],"curies":[{"name":"wp","href":"https:\/\/api.w.org\/{rel}","templated":true}]}}