{"id":78,"date":"2022-01-07T07:43:12","date_gmt":"2022-01-07T07:43:12","guid":{"rendered":"https:\/\/cngcmotru.ro\/?page_id=78"},"modified":"2022-01-07T07:43:12","modified_gmt":"2022-01-07T07:43:12","slug":"pagina-oficiala-de-facebook-a-colegiului","status":"publish","type":"page","link":"https:\/\/cngcmotru.ro\/index.php\/sample-page\/pagina-oficiala-de-facebook-a-colegiului\/","title":{"rendered":"Pagina oficial\u0103 de Facebook a colegiului"},"content":{"rendered":"<p><a href=\"https:\/\/www.facebook.com\/ColegiulNationalGeorgeCosbucMotru\">De la link-ul urm\u0103tor pute\u0163i accesa pagina oficial\u0103 de Facebook a Colegiului Na\u0163ional &#8222;George Co\u0219buc&#8221;, Motru<\/a><\/p>\n","protected":false},"excerpt":{"rendered":"<p>De la link-ul urm\u0103tor pute\u0163i accesa pagina oficial\u0103 de Facebook a Colegiului Na\u0163ional &#8222;George Co\u0219buc&#8221;, Motru<\/p>\n","protected":false},"author":1,"featured_media":0,"parent":2,"menu_order":0,"comment_status":"closed","ping_status":"closed","template":"","meta":{"footnotes":""},"class_list":["post-78","page","type-page","status-publish","hentry"],"_links":{"self":[{"href":"https:\/\/cngcmotru.ro\/index.php\/wp-json\/wp\/v2\/pages\/78","targetHints":{"allow":["GET"]}}],"collection":[{"href":"https:\/\/cngcmotru.ro\/index.php\/wp-json\/wp\/v2\/pages"}],"about":[{"href":"https:\/\/cngcmotru.ro\/index.php\/wp-json\/wp\/v2\/types\/page"}],"author":[{"embeddable":true,"href":"https:\/\/cngcmotru.ro\/index.php\/wp-json\/wp\/v2\/users\/1"}],"replies":[{"embeddable":true,"href":"https:\/\/cngcmotru.ro\/index.php\/wp-json\/wp\/v2\/comments?post=78"}],"version-history":[{"count":1,"href":"https:\/\/cngcmotru.ro\/index.php\/wp-json\/wp\/v2\/pages\/78\/revisions"}],"predecessor-version":[{"id":79,"href":"https:\/\/cngcmotru.ro\/index.php\/wp-json\/wp\/v2\/pages\/78\/revisions\/79"}],"up":[{"embeddable":true,"href":"https:\/\/cngcmotru.ro\/index.php\/wp-json\/wp\/v2\/pages\/2"}],"wp:attachment":[{"href":"https:\/\/cngcmotru.ro\/index.php\/wp-json\/wp\/v2\/media?parent=78"}],"curies":[{"name":"wp","href":"https:\/\/api.w.org\/{rel}","templated":true}]}}